{"id":1131,"date":"2023-01-08T00:36:49","date_gmt":"2023-01-08T05:36:49","guid":{"rendered":"https:\/\/longphung.com\/\/noticias\/"},"modified":"2023-03-08T00:29:08","modified_gmt":"2023-03-08T05:29:08","slug":"noticias","status":"publish","type":"page","link":"https:\/\/longphung.com\/es\/noticias\/","title":{"rendered":"Noticias"},"content":{"rendered":"\n<style type=\"text\/css\" data-created_by=\"avia_inline_auto\" id=\"style-css-av-rhldw-b3a4fbb2d95b9fbbb706a5b20e557061\">\n.avia-section.av-rhldw-b3a4fbb2d95b9fbbb706a5b20e557061 .av-parallax .av-parallax-inner{\nbackground-repeat:no-repeat;\nbackground-image:url(https:\/\/longphung.com\/wp-content\/uploads\/2023\/01\/Header-bis3.jpg);\nbackground-position:50% 50%;\nbackground-attachment:scroll;\n}\n<\/style>\n<div id='av_section_1'  class='avia-section av-rhldw-b3a4fbb2d95b9fbbb706a5b20e557061 main_color avia-section-default avia-no-border-styling  avia-builder-el-0  el_before_av_blog  avia-builder-el-first  av-parallax-section avia-bg-style-parallax av-minimum-height av-minimum-height-100 av-height-100  container_wrap fullsize'  data-section-bg-repeat='no-repeat' data-av_minimum_height_pc='100' data-av_min_height_opt='100'><div class='av-parallax' data-avia-parallax-ratio='0.3' ><div class='av-parallax-inner main_color avia-full-stretch'><\/div><\/div><div class='container av-section-cont-open' ><main  role=\"main\" itemprop=\"mainContentOfPage\"  class='template-page content  av-content-full alpha units'><div class='post-entry post-entry-type-page post-entry-1131'><div class='entry-content-wrapper clearfix'>\n\n<style type=\"text\/css\" data-created_by=\"avia_inline_auto\" id=\"style-css-av-kjfzg-1d2c28d03d752add16cd1582aeac9259\">\n.flex_column.av-kjfzg-1d2c28d03d752add16cd1582aeac9259{\npadding:20px 20px 20px 20px;\nbackground-color:rgba(238,58,61,0.9);\n}\n.avia_transform .flex_column.av-kjfzg-1d2c28d03d752add16cd1582aeac9259{\nanimation-duration:1.5s;\n}\n<\/style>\n<div  class='flex_column av-kjfzg-1d2c28d03d752add16cd1582aeac9259 av_one_third  avia-builder-el-1  avia-builder-el-no-sibling  first flex_column_div av-animated-generic fade-in-up av-parallax-object  ' data-parallax=\"{&quot;parallax&quot;:&quot;left_right&quot;,&quot;parallax_speed&quot;:&quot;&quot;,&quot;av-desktop-parallax&quot;:&quot;inherit&quot;,&quot;av-desktop-parallax_speed&quot;:&quot;inherit&quot;,&quot;av-medium-parallax&quot;:&quot;inherit&quot;,&quot;av-medium-parallax_speed&quot;:&quot;inherit&quot;,&quot;av-small-parallax&quot;:&quot;inherit&quot;,&quot;av-small-parallax_speed&quot;:&quot;inherit&quot;,&quot;av-mini-parallax&quot;:&quot;inherit&quot;,&quot;av-mini-parallax_speed&quot;:&quot;inherit&quot;,&quot;parallax-container&quot;:&quot;.av-kjfzg-1d2c28d03d752add16cd1582aeac9259&quot;}\"    ><p>\n<style type=\"text\/css\" data-created_by=\"avia_inline_auto\" id=\"style-css-av-d5rxw-0957bb718cbdda2d5b4fa40e6c06c938\">\n#top .hr.av-d5rxw-0957bb718cbdda2d5b4fa40e6c06c938{\nmargin-top:30px;\nmargin-bottom:30px;\n}\n.hr.av-d5rxw-0957bb718cbdda2d5b4fa40e6c06c938 .hr-inner{\nwidth:100%;\nborder-color:#d1a85d;\nmax-width:45%;\n}\n.hr.av-d5rxw-0957bb718cbdda2d5b4fa40e6c06c938 .av-seperator-icon{\ncolor:#d1a85d;\n}\n.hr.av-d5rxw-0957bb718cbdda2d5b4fa40e6c06c938 .av-seperator-icon.avia-svg-icon svg:first-child{\nfill:#d1a85d;\nstroke:#d1a85d;\n}\n<\/style>\n<div  class='hr av-d5rxw-0957bb718cbdda2d5b4fa40e6c06c938 hr-custom  avia-builder-el-2  el_before_av_textblock  avia-builder-el-first  hr-center hr-icon-yes'><span class='hr-inner inner-border-av-border-fat'><span class=\"hr-inner-style\"><\/span><\/span><span class='av-seperator-icon avia-iconfont avia-font-entypo-fontello' data-av_icon='\ue8bd' data-av_iconfont='entypo-fontello' ><\/span><span class='hr-inner inner-border-av-border-fat'><span class=\"hr-inner-style\"><\/span><\/span><\/div><br \/>\n\n<style type=\"text\/css\" data-created_by=\"avia_inline_auto\" id=\"style-css-av-lcqqr14d-6b0e91c7e4470db1d98397b491561df6\">\n#top .av_textblock_section.av-lcqqr14d-6b0e91c7e4470db1d98397b491561df6 .avia_textblock{\ncolor:#ffffff;\n}\n<\/style>\n<section  class='av_textblock_section av-lcqqr14d-6b0e91c7e4470db1d98397b491561df6 '   itemscope=\"itemscope\" itemtype=\"https:\/\/schema.org\/CreativeWork\" ><div class='avia_textblock av_inherit_color'  itemprop=\"text\" ><h2 style=\"text-align: center;\">Noticias<\/h2>\n<p style=\"text-align: center;\">Encuentre todas las noticias<br \/>\nde Long Ph\u1ee5ng.<\/p>\n<\/div><\/section><br \/>\n\n<style type=\"text\/css\" data-created_by=\"avia_inline_auto\" id=\"style-css-av-bjtis-59974d08cbaff7ea3917229d3a2b1566\">\n#top .hr.av-bjtis-59974d08cbaff7ea3917229d3a2b1566{\nmargin-top:30px;\nmargin-bottom:30px;\n}\n.hr.av-bjtis-59974d08cbaff7ea3917229d3a2b1566 .hr-inner{\nwidth:100%;\nborder-color:#d1a85d;\nmax-width:45%;\n}\n.hr.av-bjtis-59974d08cbaff7ea3917229d3a2b1566 .av-seperator-icon{\ncolor:#d1a85d;\n}\n.hr.av-bjtis-59974d08cbaff7ea3917229d3a2b1566 .av-seperator-icon.avia-svg-icon svg:first-child{\nfill:#d1a85d;\nstroke:#d1a85d;\n}\n<\/style>\n<div  class='hr av-bjtis-59974d08cbaff7ea3917229d3a2b1566 hr-custom  avia-builder-el-4  el_after_av_textblock  avia-builder-el-last  hr-center hr-icon-yes'><span class='hr-inner inner-border-av-border-fat'><span class=\"hr-inner-style\"><\/span><\/span><span class='av-seperator-icon avia-iconfont avia-font-entypo-fontello' data-av_icon='\ue8bd' data-av_iconfont='entypo-fontello' ><\/span><span class='hr-inner inner-border-av-border-fat'><span class=\"hr-inner-style\"><\/span><\/span><\/div><\/p><\/div><\/div><\/div><\/main><!-- close content main element --><\/div><\/div><div id='after_section_1'  class='main_color av_default_container_wrap container_wrap fullsize'  ><div class='container av-section-cont-open' ><div class='template-page content  av-content-full alpha units'><div class='post-entry post-entry-type-page post-entry-1131'><div class='entry-content-wrapper clearfix'><div  class='av-alb-blogposts template-blog  av-blog-meta-author-disabled av-blog-meta-comments-disabled av-blog-meta-category-disabled av-blog-meta-date-disabled av-blog-meta-tag-disabled '  itemscope=\"itemscope\" itemtype=\"https:\/\/schema.org\/Blog\" ><article class=\"post-entry post-entry-type-standard post-entry-2572 post-loop-1 post-parity-odd single-big with-slider post-2572 post type-post status-publish format-standard has-post-thumbnail hentry category-noticias\"  itemscope=\"itemscope\" itemtype=\"https:\/\/schema.org\/BlogPosting\" ><div class=\"big-preview single-big\"  itemprop=\"image\" itemscope=\"itemscope\" itemtype=\"https:\/\/schema.org\/ImageObject\" ><a href=\"https:\/\/longphung.com\/es\/noticias\/descubre-la-inspiradora-historia-detras-de-alimentos-long-phung\/\"  title=\"my-hanh-pham-aliments-long-phung_uidp2Xk\" ><img decoding=\"async\" loading=\"lazy\" width=\"1210\" height=\"423\" src=\"https:\/\/longphung.com\/wp-content\/uploads\/2025\/10\/my-hanh-pham-aliments-long-phung_uidp2Xk-1210x423.jpg\" class=\"wp-image-2561 avia-img-lazy-loading-2561 attachment-entry_without_sidebar size-entry_without_sidebar wp-post-image\" alt=\"\" \/><\/a><\/div><div class=\"blog-meta\"><\/div><div class='entry-content-wrapper clearfix standard-content'><header class=\"entry-content-header\" aria-label=\"Post: Descubre la Inspiradora Historia detr\u00e1s de Alimentos Long Ph\u1ee5ng\"><h2 class='post-title entry-title '  itemprop=\"headline\" ><a href=\"https:\/\/longphung.com\/es\/noticias\/descubre-la-inspiradora-historia-detras-de-alimentos-long-phung\/\" rel=\"bookmark\" title=\"Enlace permanente: Descubre la Inspiradora Historia detr\u00e1s de Alimentos Long Ph\u1ee5ng\">Descubre la Inspiradora Historia detr\u00e1s de Alimentos Long Ph\u1ee5ng<span class=\"post-format-icon minor-meta\"><\/span><\/a><\/h2><span class=\"post-meta-infos\"><\/span><\/header><div class=\"entry-content\"  itemprop=\"text\" ><p>Nos enorgullece compartir con ustedes un art\u00edculo cautivador publicado en Le Reflet que relata la trayectoria de Alimentos Long Ph\u1ee5ng, una empresa familiar profundamente arraigada en la tradici\u00f3n, pero decididamente orientada hacia el futuro. En este reportaje, podr\u00e1n adentrarse en el coraz\u00f3n de una aventura empresarial \u00fanica, impulsada por una segunda generaci\u00f3n apasionada y visionaria. [&hellip;]<\/p>\n<div class=\"read-more-link\"><a href=\"https:\/\/longphung.com\/es\/noticias\/descubre-la-inspiradora-historia-detras-de-alimentos-long-phung\/\" class=\"more-link\">Leer m\u00e1s<span class='more-link-arrow avia-svg-icon avia-font-svg_entypo-fontello' data-av_svg_icon='right-open-big' data-av_iconset='svg_entypo-fontello'><svg version=\"1.1\" xmlns=\"http:\/\/www.w3.org\/2000\/svg\" width=\"15\" height=\"32\" viewBox=\"0 0 15 32\" preserveAspectRatio=\"xMidYMid meet\" role=\"graphics-symbol\" aria-hidden=\"true\">\n<path d=\"M0.416 27.84l11.456-11.84-11.456-11.904q-0.832-0.832 0-1.536 0.832-0.832 1.536 0l12.544 12.608q0.768 0.832 0 1.6l-12.544 12.608q-0.704 0.832-1.536 0-0.832-0.704 0-1.536z\"><\/path>\n<\/svg><\/span><\/a><\/div>\n<\/div><footer class=\"entry-footer\"><\/footer><div class='post_delimiter'><\/div><\/div><div class=\"post_author_timeline\"><\/div><span class='hidden'>\n\t\t\t\t<span class='av-structured-data'  itemprop=\"image\" itemscope=\"itemscope\" itemtype=\"https:\/\/schema.org\/ImageObject\" >\n\t\t\t\t\t\t<span itemprop='url'>https:\/\/longphung.com\/wp-content\/uploads\/2025\/10\/my-hanh-pham-aliments-long-phung_uidp2Xk.jpg<\/span>\n\t\t\t\t\t\t<span itemprop='height'>1721<\/span>\n\t\t\t\t\t\t<span itemprop='width'>2560<\/span>\n\t\t\t\t<\/span>\n\t\t\t\t<span class='av-structured-data'  itemprop=\"publisher\" itemtype=\"https:\/\/schema.org\/Organization\" itemscope=\"itemscope\" >\n\t\t\t\t\t\t<span itemprop='name'>adm-longphung-in<\/span>\n\t\t\t\t\t\t<span itemprop='logo' itemscope itemtype='https:\/\/schema.org\/ImageObject'>\n\t\t\t\t\t\t\t<span itemprop='url'>https:\/\/longphung.com\/wp-content\/uploads\/2025\/07\/Logo-Long-Phung-300x178.png<\/span>\n\t\t\t\t\t\t<\/span>\n\t\t\t\t<\/span><span class='av-structured-data'  itemprop=\"author\" itemscope=\"itemscope\" itemtype=\"https:\/\/schema.org\/Person\" ><span itemprop='name'>adm-longphung-in<\/span><\/span><span class='av-structured-data'  itemprop=\"datePublished\" datetime=\"2025-10-21T12:53:34-05:00\" >2025-10-21 12:53:34<\/span><span class='av-structured-data'  itemprop=\"dateModified\" itemtype=\"https:\/\/schema.org\/dateModified\" >2025-10-21 12:53:34<\/span><span class='av-structured-data'  itemprop=\"mainEntityOfPage\" itemtype=\"https:\/\/schema.org\/mainEntityOfPage\" ><span itemprop='name'>Descubre la Inspiradora Historia detr\u00e1s de Alimentos Long Ph\u1ee5ng<\/span><\/span><\/span><\/article><article class=\"post-entry post-entry-type-standard post-entry-2480 post-loop-2 post-parity-even single-big with-slider post-2480 post type-post status-publish format-standard has-post-thumbnail hentry category-noticias\"  itemscope=\"itemscope\" itemtype=\"https:\/\/schema.org\/BlogPosting\" ><div class=\"big-preview single-big\"  itemprop=\"image\" itemscope=\"itemscope\" itemtype=\"https:\/\/schema.org\/ImageObject\" ><a href=\"https:\/\/longphung.com\/es\/noticias\/celebrando-el-mes-del-patrimonio-asiatico-long-phung-presente-en-ctv-news\/\"  title=\"Famille\" ><img decoding=\"async\" loading=\"lazy\" width=\"1210\" height=\"423\" src=\"https:\/\/longphung.com\/wp-content\/uploads\/2025\/09\/Famille-1210x423.avif\" class=\"wp-image-2475 avia-img-lazy-loading-2475 attachment-entry_without_sidebar size-entry_without_sidebar wp-post-image\" alt=\"\" \/><\/a><\/div><div class=\"blog-meta\"><\/div><div class='entry-content-wrapper clearfix standard-content'><header class=\"entry-content-header\" aria-label=\"Post: \u00a1Celebrando el Mes del Patrimonio Asi\u00e1tico: Long Ph\u1ee5ng presente en CTV News!\"><h2 class='post-title entry-title '  itemprop=\"headline\" ><a href=\"https:\/\/longphung.com\/es\/noticias\/celebrando-el-mes-del-patrimonio-asiatico-long-phung-presente-en-ctv-news\/\" rel=\"bookmark\" title=\"Enlace permanente: \u00a1Celebrando el Mes del Patrimonio Asi\u00e1tico: Long Ph\u1ee5ng presente en CTV News!\">\u00a1Celebrando el Mes del Patrimonio Asi\u00e1tico: Long Ph\u1ee5ng presente en CTV News!<span class=\"post-format-icon minor-meta\"><\/span><\/a><\/h2><span class=\"post-meta-infos\"><\/span><\/header><div class=\"entry-content\"  itemprop=\"text\" ><p>Nos sentimos honrados y emocionados de anunciar que Long Ph\u1ee5ng ha sido destacado en un art\u00edculo de CTV News que resalta negocios de Montreal inspirados en sus culturas de origen. Como restaurante familiar dedicado a la aut\u00e9ntica cocina vietnamita, estamos orgullosos de compartir los sabores y tradiciones que definen nuestra herencia. Este reconocimiento celebra la [&hellip;]<\/p>\n<div class=\"read-more-link\"><a href=\"https:\/\/longphung.com\/es\/noticias\/celebrando-el-mes-del-patrimonio-asiatico-long-phung-presente-en-ctv-news\/\" class=\"more-link\">Leer m\u00e1s<span class='more-link-arrow avia-svg-icon avia-font-svg_entypo-fontello' data-av_svg_icon='right-open-big' data-av_iconset='svg_entypo-fontello'><svg version=\"1.1\" xmlns=\"http:\/\/www.w3.org\/2000\/svg\" width=\"15\" height=\"32\" viewBox=\"0 0 15 32\" preserveAspectRatio=\"xMidYMid meet\" role=\"graphics-symbol\" aria-hidden=\"true\">\n<path d=\"M0.416 27.84l11.456-11.84-11.456-11.904q-0.832-0.832 0-1.536 0.832-0.832 1.536 0l12.544 12.608q0.768 0.832 0 1.6l-12.544 12.608q-0.704 0.832-1.536 0-0.832-0.704 0-1.536z\"><\/path>\n<\/svg><\/span><\/a><\/div>\n<\/div><footer class=\"entry-footer\"><\/footer><div class='post_delimiter'><\/div><\/div><div class=\"post_author_timeline\"><\/div><span class='hidden'>\n\t\t\t\t<span class='av-structured-data'  itemprop=\"image\" itemscope=\"itemscope\" itemtype=\"https:\/\/schema.org\/ImageObject\" >\n\t\t\t\t\t\t<span itemprop='url'>https:\/\/longphung.com\/wp-content\/uploads\/2025\/09\/Famille.avif<\/span>\n\t\t\t\t\t\t<span itemprop='height'>900<\/span>\n\t\t\t\t\t\t<span itemprop='width'>1600<\/span>\n\t\t\t\t<\/span>\n\t\t\t\t<span class='av-structured-data'  itemprop=\"publisher\" itemtype=\"https:\/\/schema.org\/Organization\" itemscope=\"itemscope\" >\n\t\t\t\t\t\t<span itemprop='name'>adm-longphung-in<\/span>\n\t\t\t\t\t\t<span itemprop='logo' itemscope itemtype='https:\/\/schema.org\/ImageObject'>\n\t\t\t\t\t\t\t<span itemprop='url'>https:\/\/longphung.com\/wp-content\/uploads\/2025\/07\/Logo-Long-Phung-300x178.png<\/span>\n\t\t\t\t\t\t<\/span>\n\t\t\t\t<\/span><span class='av-structured-data'  itemprop=\"author\" itemscope=\"itemscope\" itemtype=\"https:\/\/schema.org\/Person\" ><span itemprop='name'>adm-longphung-in<\/span><\/span><span class='av-structured-data'  itemprop=\"datePublished\" datetime=\"2025-09-15T14:12:09-05:00\" >2025-09-15 14:12:09<\/span><span class='av-structured-data'  itemprop=\"dateModified\" itemtype=\"https:\/\/schema.org\/dateModified\" >2025-09-15 14:38:01<\/span><span class='av-structured-data'  itemprop=\"mainEntityOfPage\" itemtype=\"https:\/\/schema.org\/mainEntityOfPage\" ><span itemprop='name'>\u00a1Celebrando el Mes del Patrimonio Asi\u00e1tico: Long Ph\u1ee5ng presente en CTV News!<\/span><\/span><\/span><\/article><article class=\"post-entry post-entry-type-standard post-entry-2453 post-loop-3 post-parity-odd post-entry-last single-big with-slider post-2453 post type-post status-publish format-standard has-post-thumbnail hentry category-noticias\"  itemscope=\"itemscope\" itemtype=\"https:\/\/schema.org\/BlogPosting\" ><div class=\"big-preview single-big\"  itemprop=\"image\" itemscope=\"itemscope\" itemtype=\"https:\/\/schema.org\/ImageObject\" ><a href=\"https:\/\/longphung.com\/es\/noticias\/long-phung-en-el-houston-chronicle-top-10-de-finalistas-del-h-e-b-quest-for-texas-best-2025long-phung-featured-in-the-houston-chronicle-as-top-10-finalist-in-h-e-bs-2025-quest-for-tex\/\"  title=\"Long Phung HEB\" ><img decoding=\"async\" loading=\"lazy\" width=\"960\" height=\"423\" src=\"https:\/\/longphung.com\/wp-content\/uploads\/2025\/09\/Long-Phung-HEB-960x423.webp\" class=\"wp-image-2444 avia-img-lazy-loading-2444 attachment-entry_without_sidebar size-entry_without_sidebar wp-post-image\" alt=\"\" \/><\/a><\/div><div class=\"blog-meta\"><\/div><div class='entry-content-wrapper clearfix standard-content'><header class=\"entry-content-header\" aria-label=\"Post: \u00a1Long Ph\u1ee5ng en el Houston Chronicle: Top 10 de Finalistas del H-E-B Quest for Texas Best 2025!Long Ph\u1ee5ng Featured in the Houston Chronicle as Top 10 Finalist in H-E-B\u2019s 2025 Quest for Texas Best!\"><h2 class='post-title entry-title '  itemprop=\"headline\" ><a href=\"https:\/\/longphung.com\/es\/noticias\/long-phung-en-el-houston-chronicle-top-10-de-finalistas-del-h-e-b-quest-for-texas-best-2025long-phung-featured-in-the-houston-chronicle-as-top-10-finalist-in-h-e-bs-2025-quest-for-tex\/\" rel=\"bookmark\" title=\"Enlace permanente: \u00a1Long Ph\u1ee5ng en el Houston Chronicle: Top 10 de Finalistas del H-E-B Quest for Texas Best 2025!Long Ph\u1ee5ng Featured in the Houston Chronicle as Top 10 Finalist in H-E-B\u2019s 2025 Quest for Texas Best!\">\u00a1Long Ph\u1ee5ng en el Houston Chronicle: Top 10 de Finalistas del H-E-B Quest for Texas Best 2025!Long Ph\u1ee5ng Featured in the Houston Chronicle as Top 10 Finalist in H-E-B\u2019s 2025 Quest for Texas Best!<span class=\"post-format-icon minor-meta\"><\/span><\/a><\/h2><span class=\"post-meta-infos\"><\/span><\/header><div class=\"entry-content\"  itemprop=\"text\" ><p>&nbsp; Estamos muy orgullosos de anunciar que Long Ph\u1ee5ng ha sido destacado en el Houston Chronicle por ser seleccionado como uno de los 10 finalistas del 2025 H-E-B Quest for Texas Best! \ud83c\udf89 Este reconocimiento significa mucho para nosotros y refleja nuestra pasi\u00f3n por llevar los sabores aut\u00e9nticos de Vietnam a las mesas de Texas. [&hellip;]<\/p>\n<div class=\"read-more-link\"><a href=\"https:\/\/longphung.com\/es\/noticias\/long-phung-en-el-houston-chronicle-top-10-de-finalistas-del-h-e-b-quest-for-texas-best-2025long-phung-featured-in-the-houston-chronicle-as-top-10-finalist-in-h-e-bs-2025-quest-for-tex\/\" class=\"more-link\">Leer m\u00e1s<span class='more-link-arrow avia-svg-icon avia-font-svg_entypo-fontello' data-av_svg_icon='right-open-big' data-av_iconset='svg_entypo-fontello'><svg version=\"1.1\" xmlns=\"http:\/\/www.w3.org\/2000\/svg\" width=\"15\" height=\"32\" viewBox=\"0 0 15 32\" preserveAspectRatio=\"xMidYMid meet\" role=\"graphics-symbol\" aria-hidden=\"true\">\n<path d=\"M0.416 27.84l11.456-11.84-11.456-11.904q-0.832-0.832 0-1.536 0.832-0.832 1.536 0l12.544 12.608q0.768 0.832 0 1.6l-12.544 12.608q-0.704 0.832-1.536 0-0.832-0.704 0-1.536z\"><\/path>\n<\/svg><\/span><\/a><\/div>\n<\/div><footer class=\"entry-footer\"><\/footer><div class='post_delimiter'><\/div><\/div><div class=\"post_author_timeline\"><\/div><span class='hidden'>\n\t\t\t\t<span class='av-structured-data'  itemprop=\"image\" itemscope=\"itemscope\" itemtype=\"https:\/\/schema.org\/ImageObject\" >\n\t\t\t\t\t\t<span itemprop='url'>https:\/\/longphung.com\/wp-content\/uploads\/2025\/09\/Long-Phung-HEB.webp<\/span>\n\t\t\t\t\t\t<span itemprop='height'>540<\/span>\n\t\t\t\t\t\t<span itemprop='width'>960<\/span>\n\t\t\t\t<\/span>\n\t\t\t\t<span class='av-structured-data'  itemprop=\"publisher\" itemtype=\"https:\/\/schema.org\/Organization\" itemscope=\"itemscope\" >\n\t\t\t\t\t\t<span itemprop='name'>adm-longphung-in<\/span>\n\t\t\t\t\t\t<span itemprop='logo' itemscope itemtype='https:\/\/schema.org\/ImageObject'>\n\t\t\t\t\t\t\t<span itemprop='url'>https:\/\/longphung.com\/wp-content\/uploads\/2025\/07\/Logo-Long-Phung-300x178.png<\/span>\n\t\t\t\t\t\t<\/span>\n\t\t\t\t<\/span><span class='av-structured-data'  itemprop=\"author\" itemscope=\"itemscope\" itemtype=\"https:\/\/schema.org\/Person\" ><span itemprop='name'>adm-longphung-in<\/span><\/span><span class='av-structured-data'  itemprop=\"datePublished\" datetime=\"2025-09-15T13:00:21-05:00\" >2025-09-15 13:00:21<\/span><span class='av-structured-data'  itemprop=\"dateModified\" itemtype=\"https:\/\/schema.org\/dateModified\" >2025-09-15 13:10:21<\/span><span class='av-structured-data'  itemprop=\"mainEntityOfPage\" itemtype=\"https:\/\/schema.org\/mainEntityOfPage\" ><span itemprop='name'>\u00a1Long Ph\u1ee5ng en el Houston Chronicle: Top 10 de Finalistas del H-E-B Quest for Texas Best 2025!Long Ph\u1ee5ng Featured in the Houston Chronicle as Top 10 Finalist in H-E-B\u2019s 2025 Quest for Texas Best!<\/span><\/span><\/span><\/article><div class='single-big'><nav class='pagination'><span class='pagination-meta'>P\u00e1gina 1 de 2<\/span><span class='current'>1<\/span><a href='https:\/\/longphung.com\/es\/wp-json\/wp\/v2\/pages\/1131\/page\/2\/' class='inactive next_page' >2<\/a><\/nav>\n<\/div><\/div><\/p>\n","protected":false},"excerpt":{"rendered":"","protected":false},"author":1,"featured_media":0,"parent":0,"menu_order":0,"comment_status":"closed","ping_status":"closed","template":"","meta":{"footnotes":""},"class_list":["post-1131","page","type-page","status-publish","hentry"],"yoast_head":"<!-- This site is optimized with the Yoast SEO plugin v26.5 - https:\/\/yoast.com\/wordpress\/plugins\/seo\/ -->\n<title>Noticias - Long Phung<\/title>\n<meta name=\"description\" content=\"Encuentre todas las noticias de Long Ph\u1ee5ng, los mejores productores de salchichas vietnamitas en Norteam\u00e9rica\" \/>\n<meta name=\"robots\" content=\"index, follow, max-snippet:-1, max-image-preview:large, max-video-preview:-1\" \/>\n<link rel=\"canonical\" href=\"https:\/\/longphung.com\/es\/noticias\/\" \/>\n<meta property=\"og:locale\" content=\"es_ES\" \/>\n<meta property=\"og:type\" content=\"article\" \/>\n<meta property=\"og:title\" content=\"Noticias - Long Phung\" \/>\n<meta property=\"og:description\" content=\"Encuentre todas las noticias de Long Ph\u1ee5ng, los mejores productores de salchichas vietnamitas en Norteam\u00e9rica\" \/>\n<meta property=\"og:url\" content=\"https:\/\/longphung.com\/es\/noticias\/\" \/>\n<meta property=\"og:site_name\" content=\"Long Phung\" \/>\n<meta property=\"article:modified_time\" content=\"2023-03-08T05:29:08+00:00\" \/>\n<meta name=\"twitter:card\" content=\"summary_large_image\" \/>\n<meta name=\"twitter:label1\" content=\"Tiempo de lectura\" \/>\n\t<meta name=\"twitter:data1\" content=\"5 minutos\" \/>\n<script type=\"application\/ld+json\" class=\"yoast-schema-graph\">{\"@context\":\"https:\/\/schema.org\",\"@graph\":[{\"@type\":\"WebPage\",\"@id\":\"https:\/\/longphung.com\/es\/noticias\/\",\"url\":\"https:\/\/longphung.com\/es\/noticias\/\",\"name\":\"Noticias - Long Phung\",\"isPartOf\":{\"@id\":\"https:\/\/longphung.com\/#website\"},\"datePublished\":\"2023-01-08T05:36:49+00:00\",\"dateModified\":\"2023-03-08T05:29:08+00:00\",\"description\":\"Encuentre todas las noticias de Long Ph\u1ee5ng, los mejores productores de salchichas vietnamitas en Norteam\u00e9rica\",\"breadcrumb\":{\"@id\":\"https:\/\/longphung.com\/es\/noticias\/#breadcrumb\"},\"inLanguage\":\"es\",\"potentialAction\":[{\"@type\":\"ReadAction\",\"target\":[\"https:\/\/longphung.com\/es\/noticias\/\"]}]},{\"@type\":\"BreadcrumbList\",\"@id\":\"https:\/\/longphung.com\/es\/noticias\/#breadcrumb\",\"itemListElement\":[{\"@type\":\"ListItem\",\"position\":1,\"name\":\"Accueil\",\"item\":\"https:\/\/longphung.com\/es\/long-phung\/\"},{\"@type\":\"ListItem\",\"position\":2,\"name\":\"Noticias\"}]},{\"@type\":\"WebSite\",\"@id\":\"https:\/\/longphung.com\/#website\",\"url\":\"https:\/\/longphung.com\/\",\"name\":\"Long Phung\",\"description\":\"Les meilleures saucisses vietnamiennes en Am\u00e9rique du Nord\u200b\",\"potentialAction\":[{\"@type\":\"SearchAction\",\"target\":{\"@type\":\"EntryPoint\",\"urlTemplate\":\"https:\/\/longphung.com\/?s={search_term_string}\"},\"query-input\":{\"@type\":\"PropertyValueSpecification\",\"valueRequired\":true,\"valueName\":\"search_term_string\"}}],\"inLanguage\":\"es\"}]}<\/script>\n<!-- \/ Yoast SEO plugin. -->","yoast_head_json":{"title":"Noticias - Long Phung","description":"Encuentre todas las noticias de Long Ph\u1ee5ng, los mejores productores de salchichas vietnamitas en Norteam\u00e9rica","robots":{"index":"index","follow":"follow","max-snippet":"max-snippet:-1","max-image-preview":"max-image-preview:large","max-video-preview":"max-video-preview:-1"},"canonical":"https:\/\/longphung.com\/es\/noticias\/","og_locale":"es_ES","og_type":"article","og_title":"Noticias - Long Phung","og_description":"Encuentre todas las noticias de Long Ph\u1ee5ng, los mejores productores de salchichas vietnamitas en Norteam\u00e9rica","og_url":"https:\/\/longphung.com\/es\/noticias\/","og_site_name":"Long Phung","article_modified_time":"2023-03-08T05:29:08+00:00","twitter_card":"summary_large_image","twitter_misc":{"Tiempo de lectura":"5 minutos"},"schema":{"@context":"https:\/\/schema.org","@graph":[{"@type":"WebPage","@id":"https:\/\/longphung.com\/es\/noticias\/","url":"https:\/\/longphung.com\/es\/noticias\/","name":"Noticias - Long Phung","isPartOf":{"@id":"https:\/\/longphung.com\/#website"},"datePublished":"2023-01-08T05:36:49+00:00","dateModified":"2023-03-08T05:29:08+00:00","description":"Encuentre todas las noticias de Long Ph\u1ee5ng, los mejores productores de salchichas vietnamitas en Norteam\u00e9rica","breadcrumb":{"@id":"https:\/\/longphung.com\/es\/noticias\/#breadcrumb"},"inLanguage":"es","potentialAction":[{"@type":"ReadAction","target":["https:\/\/longphung.com\/es\/noticias\/"]}]},{"@type":"BreadcrumbList","@id":"https:\/\/longphung.com\/es\/noticias\/#breadcrumb","itemListElement":[{"@type":"ListItem","position":1,"name":"Accueil","item":"https:\/\/longphung.com\/es\/long-phung\/"},{"@type":"ListItem","position":2,"name":"Noticias"}]},{"@type":"WebSite","@id":"https:\/\/longphung.com\/#website","url":"https:\/\/longphung.com\/","name":"Long Phung","description":"Les meilleures saucisses vietnamiennes en Am\u00e9rique du Nord\u200b","potentialAction":[{"@type":"SearchAction","target":{"@type":"EntryPoint","urlTemplate":"https:\/\/longphung.com\/?s={search_term_string}"},"query-input":{"@type":"PropertyValueSpecification","valueRequired":true,"valueName":"search_term_string"}}],"inLanguage":"es"}]}},"_links":{"self":[{"href":"https:\/\/longphung.com\/es\/wp-json\/wp\/v2\/pages\/1131","targetHints":{"allow":["GET"]}}],"collection":[{"href":"https:\/\/longphung.com\/es\/wp-json\/wp\/v2\/pages"}],"about":[{"href":"https:\/\/longphung.com\/es\/wp-json\/wp\/v2\/types\/page"}],"author":[{"embeddable":true,"href":"https:\/\/longphung.com\/es\/wp-json\/wp\/v2\/users\/1"}],"replies":[{"embeddable":true,"href":"https:\/\/longphung.com\/es\/wp-json\/wp\/v2\/comments?post=1131"}],"version-history":[{"count":0,"href":"https:\/\/longphung.com\/es\/wp-json\/wp\/v2\/pages\/1131\/revisions"}],"wp:attachment":[{"href":"https:\/\/longphung.com\/es\/wp-json\/wp\/v2\/media?parent=1131"}],"curies":[{"name":"wp","href":"https:\/\/api.w.org\/{rel}","templated":true}]}}