{"id":2012,"date":"2022-11-25T06:29:29","date_gmt":"2022-11-25T11:29:29","guid":{"rendered":"https:\/\/longphung.com\/declaracion-de-confidencialidad\/"},"modified":"2023-12-29T11:54:17","modified_gmt":"2023-12-29T16:54:17","slug":"declaracion-de-privacidad","status":"publish","type":"page","link":"https:\/\/longphung.com\/es\/declaracion-de-privacidad\/","title":{"rendered":"Declaraci\u00f3n de privacidad"},"content":{"rendered":"<h2>Declaraci\u00f3n de privacidad<\/h2>\n<p><em>\u00daltima actualizaci\u00f3n: 27 de noviembre de 2023<\/em><\/p>\n<h3>Derecho a la privacidad<\/h3>\n<p><span style=\"font-weight: 400;\">La privacidad de nuestros usuarios es importante para nosotros. En ocasiones, podemos solicitar informaci\u00f3n personal para permitirte participar y disfrutar de lo que Long Phung Food Products Inc. tiene para ofrecer. Estamos comprometidos a informarte sobre c\u00f3mo utilizamos tu Informaci\u00f3n Personal. A menos que nos autorices de lo contrario, nos aseguraremos de que la privacidad de la Informaci\u00f3n Personal que nos proporcionas est\u00e9 protegida y no se divulgue a terceros.<\/span><\/p>\n<h3>Informaci\u00f3n que recopilamos y c\u00f3mo la utilizamos<\/h3>\n<p><span style=\"font-weight: 400;\">Cuando creas una cuenta en Long Phung Food Products Inc., almacenamos y utilizamos la informaci\u00f3n que proporcionas durante ese proceso, como el nombre y apellido que ingresaste y la direcci\u00f3n de correo electr\u00f3nico. Puedes modificar parte de la informaci\u00f3n de tu cuenta a trav\u00e9s de la configuraci\u00f3n de tu cuenta. Si crees que alguien ha creado una cuenta no autorizada utilizando tu informaci\u00f3n personal, puedes solicitar su eliminaci\u00f3n contact\u00e1ndonos a <a href=\"mailto:lpcan@longtingroup.com\">lpcan@longtingroup.com<\/a>.<\/span><\/p>\n<h3>Eliminaci\u00f3n de datos<\/h3>\n<p><span style=\"font-weight: 400;\">Para solicitar la eliminaci\u00f3n de la informaci\u00f3n de tu cuenta de nuestros servidores, cont\u00e1ctanos con tu nombre de usuario y\/o direcci\u00f3n de correo electr\u00f3nico a la siguiente direcci\u00f3n: lpcan@longtingroup.com. Cualquier actividad asociada a esta cuenta (como rese\u00f1as, favoritos, etc.) tambi\u00e9n se eliminar\u00e1. La eliminaci\u00f3n de datos es permanente y no se puede deshacer.<\/span><\/p>\n<h3>Cookies<\/h3>\n<p><span style=\"font-weight: 400;\">Podemos utilizar una caracter\u00edstica del navegador llamada &#8216;cookie&#8217; para almacenar cierta Informaci\u00f3n Personal. Las cookies, por s\u00ed mismas, no pueden utilizarse para revelar la identidad individual de ning\u00fan usuario del sitio. Esta Informaci\u00f3n Personal identifica tu navegador, pero no a ti, ante nuestros servidores cuando visitas nuestro sitio. A menos que nos lo indiques espec\u00edficamente, no sabremos qui\u00e9n eres, aunque asignemos una cookie a tu navegador. Si optas por no aceptar cookies, es posible que no puedas utilizar algunas de las funciones en el sitio web de Long Phung Food Products Inc.<\/span><\/p>\n<h3>Concursos<\/h3>\n<p><span style=\"font-weight: 400;\">Ocasionalmente, nosotros o alguno de nuestros anunciantes pueden organizar un concurso o promoci\u00f3n en la que ser\u00e1 opcional ingresar y proporcionar la informaci\u00f3n solicitada. Los menores de edad deben obtener el permiso de un padre o tutor legal antes de proporcionar cualquier informaci\u00f3n para tales concursos o promociones. Por favor, lee nuestras reglas y regulaciones completas de los concursos.<\/span><\/p>\n<h3>Encuestas<\/h3>\n<p><span style=\"font-weight: 400;\">De vez en cuando, Long Phung Food Products Inc. llevar\u00e1 a cabo encuestas en l\u00ednea con fines internos o para terceros, para recopilar informaci\u00f3n general sobre los usuarios y\/o sus opiniones. La participaci\u00f3n en estas encuestas es voluntaria; no se recopilar\u00e1 informaci\u00f3n a menos que sea proporcionada conscientemente por el usuario. La informaci\u00f3n personal identificativa no se compartir\u00e1.<\/span><\/p>\n<h3>C\u00f3mo se utiliza tu Informaci\u00f3n Personal<\/h3>\n<p><span style=\"font-weight: 400;\">De vez en cuando, podemos analizar el tr\u00e1fico y el uso del sitio web de Long Phung Food Products Inc. para determinar qu\u00e9 caracter\u00edsticas y servicios gustan o no a las personas, con el fin de mejorar lo que hacemos. Preparamos estad\u00edsticas agregadas de usuarios o res\u00famenes de informaci\u00f3n para describir nuestros servicios a terceros, como posibles socios comerciales y anunciantes, y para otros fines legales. Un anunciante de Long Phung Food Products Inc. nunca tendr\u00e1 acceso directo a tu informaci\u00f3n personal. No divulgaremos informaci\u00f3n personal sobre ti a terceros sin obtener primero tu consentimiento para hacerlo. Es posible que tengamos que divulgar informaci\u00f3n personal cuando estemos legalmente obligados a hacerlo (como por orden judicial o de registro), en situaciones de emergencia o por razones de seguridad.<\/span><\/p>\n<h3>Enlaces externos<\/h3>\n<p><span style=\"font-weight: 400;\">Hay enlaces en el sitio web de Long Phung Food Products Inc. que te llevan a otros sitios web m\u00e1s all\u00e1 de nuestro servicio. Cualquier enlace proporcionado a sitios web de terceros fuera de Long Phung Food Products Inc. se proporciona \u00fanicamente para tu comodidad. El funcionamiento y el contenido de dichos sitios web de terceros est\u00e1n fuera de nuestro control. No respaldamos, de ninguna manera, ni aceptamos ninguna responsabilidad por la informaci\u00f3n, el contenido u otro material que pueda estar contenido en dichos sitios web.<\/span><\/p>\n","protected":false},"excerpt":{"rendered":"<p>Declaraci\u00f3n de privacidad \u00daltima actualizaci\u00f3n: 27 de noviembre de 2023 Derecho a la privacidad La privacidad de nuestros usuarios es importante para nosotros. En ocasiones, podemos solicitar informaci\u00f3n personal para permitirte participar y disfrutar de lo que Long Phung Food Products Inc. tiene para ofrecer. Estamos comprometidos a informarte sobre c\u00f3mo utilizamos tu Informaci\u00f3n Personal. [&hellip;]<\/p>\n","protected":false},"author":1,"featured_media":0,"parent":0,"menu_order":0,"comment_status":"closed","ping_status":"open","template":"","meta":{"footnotes":""},"class_list":["post-2012","page","type-page","status-publish","hentry"],"yoast_head":"<!-- This site is optimized with the Yoast SEO plugin v26.5 - https:\/\/yoast.com\/wordpress\/plugins\/seo\/ -->\n<title>Declaraci\u00f3n de privacidad - Long Phung<\/title>\n<meta name=\"robots\" content=\"index, follow, max-snippet:-1, max-image-preview:large, max-video-preview:-1\" \/>\n<link rel=\"canonical\" href=\"https:\/\/longphung.com\/es\/declaracion-de-privacidad\/\" \/>\n<meta property=\"og:locale\" content=\"es_ES\" \/>\n<meta property=\"og:type\" content=\"article\" \/>\n<meta property=\"og:title\" content=\"Declaraci\u00f3n de privacidad - Long Phung\" \/>\n<meta property=\"og:description\" content=\"Declaraci\u00f3n de privacidad \u00daltima actualizaci\u00f3n: 27 de noviembre de 2023 Derecho a la privacidad La privacidad de nuestros usuarios es importante para nosotros. En ocasiones, podemos solicitar informaci\u00f3n personal para permitirte participar y disfrutar de lo que Long Phung Food Products Inc. tiene para ofrecer. Estamos comprometidos a informarte sobre c\u00f3mo utilizamos tu Informaci\u00f3n Personal. [&hellip;]\" \/>\n<meta property=\"og:url\" content=\"https:\/\/longphung.com\/es\/declaracion-de-privacidad\/\" \/>\n<meta property=\"og:site_name\" content=\"Long Phung\" \/>\n<meta property=\"article:modified_time\" content=\"2023-12-29T16:54:17+00:00\" \/>\n<meta name=\"twitter:card\" content=\"summary_large_image\" \/>\n<meta name=\"twitter:label1\" content=\"Tiempo de lectura\" \/>\n\t<meta name=\"twitter:data1\" content=\"3 minutos\" \/>\n<script type=\"application\/ld+json\" class=\"yoast-schema-graph\">{\"@context\":\"https:\/\/schema.org\",\"@graph\":[{\"@type\":\"WebPage\",\"@id\":\"https:\/\/longphung.com\/es\/declaracion-de-privacidad\/\",\"url\":\"https:\/\/longphung.com\/es\/declaracion-de-privacidad\/\",\"name\":\"Declaraci\u00f3n de privacidad - Long Phung\",\"isPartOf\":{\"@id\":\"https:\/\/longphung.com\/#website\"},\"datePublished\":\"2022-11-25T11:29:29+00:00\",\"dateModified\":\"2023-12-29T16:54:17+00:00\",\"breadcrumb\":{\"@id\":\"https:\/\/longphung.com\/es\/declaracion-de-privacidad\/#breadcrumb\"},\"inLanguage\":\"es\",\"potentialAction\":[{\"@type\":\"ReadAction\",\"target\":[\"https:\/\/longphung.com\/es\/declaracion-de-privacidad\/\"]}]},{\"@type\":\"BreadcrumbList\",\"@id\":\"https:\/\/longphung.com\/es\/declaracion-de-privacidad\/#breadcrumb\",\"itemListElement\":[{\"@type\":\"ListItem\",\"position\":1,\"name\":\"Accueil\",\"item\":\"https:\/\/longphung.com\/es\/long-phung\/\"},{\"@type\":\"ListItem\",\"position\":2,\"name\":\"Declaraci\u00f3n de privacidad\"}]},{\"@type\":\"WebSite\",\"@id\":\"https:\/\/longphung.com\/#website\",\"url\":\"https:\/\/longphung.com\/\",\"name\":\"Long Phung\",\"description\":\"Les meilleures saucisses vietnamiennes en Am\u00e9rique du Nord\u200b\",\"potentialAction\":[{\"@type\":\"SearchAction\",\"target\":{\"@type\":\"EntryPoint\",\"urlTemplate\":\"https:\/\/longphung.com\/?s={search_term_string}\"},\"query-input\":{\"@type\":\"PropertyValueSpecification\",\"valueRequired\":true,\"valueName\":\"search_term_string\"}}],\"inLanguage\":\"es\"}]}<\/script>\n<!-- \/ Yoast SEO plugin. -->","yoast_head_json":{"title":"Declaraci\u00f3n de privacidad - Long Phung","robots":{"index":"index","follow":"follow","max-snippet":"max-snippet:-1","max-image-preview":"max-image-preview:large","max-video-preview":"max-video-preview:-1"},"canonical":"https:\/\/longphung.com\/es\/declaracion-de-privacidad\/","og_locale":"es_ES","og_type":"article","og_title":"Declaraci\u00f3n de privacidad - Long Phung","og_description":"Declaraci\u00f3n de privacidad \u00daltima actualizaci\u00f3n: 27 de noviembre de 2023 Derecho a la privacidad La privacidad de nuestros usuarios es importante para nosotros. En ocasiones, podemos solicitar informaci\u00f3n personal para permitirte participar y disfrutar de lo que Long Phung Food Products Inc. tiene para ofrecer. Estamos comprometidos a informarte sobre c\u00f3mo utilizamos tu Informaci\u00f3n Personal. [&hellip;]","og_url":"https:\/\/longphung.com\/es\/declaracion-de-privacidad\/","og_site_name":"Long Phung","article_modified_time":"2023-12-29T16:54:17+00:00","twitter_card":"summary_large_image","twitter_misc":{"Tiempo de lectura":"3 minutos"},"schema":{"@context":"https:\/\/schema.org","@graph":[{"@type":"WebPage","@id":"https:\/\/longphung.com\/es\/declaracion-de-privacidad\/","url":"https:\/\/longphung.com\/es\/declaracion-de-privacidad\/","name":"Declaraci\u00f3n de privacidad - Long Phung","isPartOf":{"@id":"https:\/\/longphung.com\/#website"},"datePublished":"2022-11-25T11:29:29+00:00","dateModified":"2023-12-29T16:54:17+00:00","breadcrumb":{"@id":"https:\/\/longphung.com\/es\/declaracion-de-privacidad\/#breadcrumb"},"inLanguage":"es","potentialAction":[{"@type":"ReadAction","target":["https:\/\/longphung.com\/es\/declaracion-de-privacidad\/"]}]},{"@type":"BreadcrumbList","@id":"https:\/\/longphung.com\/es\/declaracion-de-privacidad\/#breadcrumb","itemListElement":[{"@type":"ListItem","position":1,"name":"Accueil","item":"https:\/\/longphung.com\/es\/long-phung\/"},{"@type":"ListItem","position":2,"name":"Declaraci\u00f3n de privacidad"}]},{"@type":"WebSite","@id":"https:\/\/longphung.com\/#website","url":"https:\/\/longphung.com\/","name":"Long Phung","description":"Les meilleures saucisses vietnamiennes en Am\u00e9rique du Nord\u200b","potentialAction":[{"@type":"SearchAction","target":{"@type":"EntryPoint","urlTemplate":"https:\/\/longphung.com\/?s={search_term_string}"},"query-input":{"@type":"PropertyValueSpecification","valueRequired":true,"valueName":"search_term_string"}}],"inLanguage":"es"}]}},"_links":{"self":[{"href":"https:\/\/longphung.com\/es\/wp-json\/wp\/v2\/pages\/2012","targetHints":{"allow":["GET"]}}],"collection":[{"href":"https:\/\/longphung.com\/es\/wp-json\/wp\/v2\/pages"}],"about":[{"href":"https:\/\/longphung.com\/es\/wp-json\/wp\/v2\/types\/page"}],"author":[{"embeddable":true,"href":"https:\/\/longphung.com\/es\/wp-json\/wp\/v2\/users\/1"}],"replies":[{"embeddable":true,"href":"https:\/\/longphung.com\/es\/wp-json\/wp\/v2\/comments?post=2012"}],"version-history":[{"count":0,"href":"https:\/\/longphung.com\/es\/wp-json\/wp\/v2\/pages\/2012\/revisions"}],"wp:attachment":[{"href":"https:\/\/longphung.com\/es\/wp-json\/wp\/v2\/media?parent=2012"}],"curies":[{"name":"wp","href":"https:\/\/api.w.org\/{rel}","templated":true}]}}