{"id":3,"date":"2022-11-25T06:29:29","date_gmt":"2022-11-25T06:29:29","guid":{"rendered":"https:\/\/longphung.com\/\/?page_id=3"},"modified":"2023-12-29T11:44:05","modified_gmt":"2023-12-29T16:44:05","slug":"declaration-de-confidentialite","status":"publish","type":"page","link":"https:\/\/longphung.com\/fr\/declaration-de-confidentialite\/","title":{"rendered":"D\u00e9claration de confidentialit\u00e9"},"content":{"rendered":"<h2>D\u00c9CLARATION DE CONFIDENTIALIT\u00c9<\/h2>\n<p><em>Derni\u00e8re mise \u00e0 jour : 27 novembre 2023<\/em><\/p>\n<h3>Droit \u00e0 la vie priv\u00e9e<\/h3>\n<p><span style=\"font-weight: 400;\">Le respect du droit \u00e0 la vie priv\u00e9e de nos utilisateurs est important pour nous. De temps \u00e0 autre, nous pourrions vous demander des renseignements personnels afin de vous permettre de profiter au maximum des produits et des services offerts par Produits Alimentaires Long Phung Inc. Nous nous engageons \u00e0 vous informer de la fa\u00e7on dont nous utilisons vos renseignements personnels. \u00c0 moins d&rsquo;indications contraires de votre part, nous ferons en sorte que l&rsquo;information personnelle que vous nous transmettez soit prot\u00e9g\u00e9e et qu&rsquo;elle ne soit pas divulgu\u00e9e \u00e0 des tiers. Cela \u00e9tant dit, vous devez savoir que le site Web de Produits Alimentaires Long Phung Inc. se trouve sur Internet, mais n&rsquo;est pas Internet en lui-m\u00eame. Nous ne pouvons pas garantir que l&rsquo;information divulgu\u00e9e volontairement par les internautes et transmise par le biais d\u2019Internet restera confidentielle. Malgr\u00e9 le fait que nous ayons adopt\u00e9 des mesures s\u00e9curitaires pour prot\u00e9ger votre vie priv\u00e9e, nous ne sommes pas responsables de votre utilisation du r\u00e9seau Internet en vue de transmettre de l&rsquo;information confidentielle.<\/span><\/p>\n<h3>Les informations que nous recueillons et la mani\u00e8re dont nous les utilisons<\/h3>\n<p><span style=\"font-weight: 400;\">Lorsque vous cr\u00e9ez un compte chez Produits Alimentaires Long Phung Inc., nous enregistrons et utilisons les informations que vous fournissez au cours de ce processus, tel que le pr\u00e9nom, le nom que vous entrez et votre courriel. Vous pouvez modifier certaines des informations que vous fournissez via les param\u00e8tres de votre compte. Si vous pensez que quelqu&rsquo;un a cr\u00e9\u00e9 un compte non autoris\u00e9 en utilisant vos informations personnelles, vous pouvez demander sa suppression en nous contactant \u00e0 l&rsquo;adresse <a href=\"mailto:lpcan@longtingroup.com\">lpcan@longtingroup.com<\/a>.<\/span><\/p>\n<h3>Suppression des donn\u00e9es<\/h3>\n<p><span style=\"font-weight: 400;\">Pour demander que les informations de votre compte soient supprim\u00e9es de nos serveurs, veuillez nous contacter avec votre nom d&rsquo;utilisateur et\/ou votre courriel \u00e0 l&rsquo;adresse suivante : lpcan@longtingroup.com. Toute activit\u00e9 associ\u00e9e \u00e0 ce compte (comme les avis, les favoris, etc.) sera \u00e9galement supprim\u00e9e. La suppression des donn\u00e9es est d\u00e9finitive et ne peut \u00eatre annul\u00e9e.<\/span><\/p>\n<h3>Cookies<\/h3>\n<p><span style=\"font-weight: 400;\">Nous pourrions utiliser un \u00ab\u00a0t\u00e9moin\u00a0\u00bb, une fonctionnalit\u00e9 propre aux navigateurs, afin de recueillir des renseignements personnels. Un t\u00e9moin est un petit fichier texte qui contient un num\u00e9ro d&rsquo;identification unique envoy\u00e9 d&rsquo;un site Web dans le disque dur de votre ordinateur. Un t\u00e9moin ne peut divulguer l&rsquo;identit\u00e9 d&rsquo;aucun internaute. L&rsquo;information recueillie gr\u00e2ce \u00e0 un t\u00e9moin identifie votre navigateur &#8211; mais pas vous &#8211; aupr\u00e8s de nos ordinateurs chaque fois que vous visitez notre site Web. \u00c0 moins que vous nous le mentionniez sp\u00e9cifiquement, nous ne saurons pas qui vous \u00eates, m\u00eame si nous assignons un t\u00e9moin \u00e0 votre navigateur. Si vous pr\u00e9f\u00e9rez refuser les t\u00e9moins, vous pourriez ne pas pouvoir utiliser certains des services offerts sur le site Web de Produits Alimentaires Long Phung Inc.<\/span><\/p>\n<h3>Concours<\/h3>\n<p><span style=\"font-weight: 400;\">Occasionnellement, Produits Alimentaires Long Phung Inc. ou l&rsquo;un de ses annonceurs pourrait tenir un concours ou organiser une promotion auxquels vous aurez le choix de participer en fournissant l&rsquo;information requise. Les enfants n&rsquo;ayant pas atteint l&rsquo;\u00e2ge de la majorit\u00e9 doivent obtenir l&rsquo;autorisation d&rsquo;un parent ou d&rsquo;un tuteur l\u00e9gal avant de fournir toute information en vue de participer \u00e0 un concours ou \u00e0 une promotion sur notre site. Veuillez lire attentivement les r\u00e8glements de nos concours pour obtenir plus de d\u00e9tails \u00e0 ce sujet.<\/span><\/p>\n<h3>Sondages<\/h3>\n<p><span style=\"font-weight: 400;\">Parfois, Produits Alimentaires Long Phung Inc. effectuera des sondages en ligne pour son usage interne ou pour des tierces parties, afin de recueillir des renseignements g\u00e9n\u00e9raux sur les utilisateurs ou leurs opinions. La participation \u00e0 ces sondages est volontaire ; les seules donn\u00e9es collect\u00e9es seront celles fournies sciemment par l&rsquo;utilisateur. Les renseignements personnels ne seront pas partag\u00e9s.<\/span><\/p>\n<h3>Quelle fa\u00e7on vos renseignements personnels sont-ils utilis\u00e9s ?<\/h3>\n<p><span style=\"font-weight: 400;\">De temps \u00e0 autre, nous analysons le trafic sur Produits Alimentaires Long Phung Inc. ou l&rsquo;utilisation de ses services et fonctionnalit\u00e9s. Cette analyse nous permet d&rsquo;\u00e9valuer le degr\u00e9 de satisfaction des internautes \u00e0 l&rsquo;\u00e9gard de nos services et d&rsquo;am\u00e9liorer notre site. Par ailleurs, nous pr\u00e9parons des statistiques globales concernant les utilisateurs afin de d\u00e9crire nos produits et nos services \u00e0 des tierces parties telles que des partenaires d&rsquo;affaires potentiels et des annonceurs, et \u00e0 des fins l\u00e9gales. Produits Alimentaires Long Phung Inc. a des relations d&rsquo;affaires avec un certain nombre de partenaires de service. Ces partenaires nous permettent de vous offrir une vaste gamme de services que nous ne pourrions mettre \u00e0 votre disposition sans leur participation et leur expertise sp\u00e9cifique dans un domaine quelconque. Produits Alimentaires Long Phung Inc. et ses partenaires de service utilisent vos renseignements personnels pour les op\u00e9rations n\u00e9cessaires au bon fonctionnement des services offerts sur notre site Web et pour vous informer des nouveaut\u00e9s, des services et des produits disponibles sur le site Web de Produits Alimentaires Long Phung Inc. Nous choisissons soigneusement les entreprises qui d\u00e9sirent vous envoyer des informations concernant leurs produits et leurs services. Ces entreprises sont associ\u00e9es aux services que vous offre Produits Alimentaires Long Phung Inc., mais sans \u00eatre impliqu\u00e9es dans ses op\u00e9rations comme le sont nos partenaires de service. Vous pouvez mettre fin en tout temps \u00e0 vos inscriptions et \u00e0 l&rsquo;envoi de courriers \u00e9lectroniques par Produits Alimentaires Long Phung Inc., nos partenaires de service ou toute autre entreprise associ\u00e9e \u00e0 Produits Alimentaires Long Phung Inc. Les instructions \u00e0 cette fin apparaissent clairement sur toutes les correspondances par courrier \u00e9lectronique que vous recevrez de notre part ou de la part des soci\u00e9t\u00e9s avec lesquelles nous avons des relations dans le cadre des op\u00e9rations normales du site Web de Produits Alimentaires Long Phung Inc. Les annonceurs de Produits Alimentaires Long Phung Inc. n&rsquo;auront jamais un acc\u00e8s direct \u00e0 vos renseignements personnels. Nous ne divulguerons pas vos renseignements personnels \u00e0 des tierces parties \u00e0 moins que vous en ayez donn\u00e9 l&rsquo;autorisation. Produits Alimentaires Long Phung Inc. pourrait divulguer des renseignements personnels concernant certains de ses utilisateurs si elle s&rsquo;y voyait contrainte en vertu de la loi ou si, en toute bonne foi, elle en venait \u00e0 croire qu&rsquo;un tel geste \u00e9tait n\u00e9cessaire pour prot\u00e9ger et d\u00e9fendre ses droits ainsi que ceux des utilisateurs du site Web de Produits Alimentaires Long Phung Inc. et des services qui y sont offerts, ou si elle en venait \u00e0 croire en toute bonne foi qu&rsquo;une telle divulgation s&rsquo;imposait pour prot\u00e9ger la s\u00e9curit\u00e9 personnelle des utilisateurs du site Web de Produits Alimentaires Long Phung Inc. et des services qui y sont offerts, et du public en g\u00e9n\u00e9ral.<\/span><\/p>\n<h3>Liens externes<\/h3>\n<p><span style=\"font-weight: 400;\">Sur le site Web de Produits Alimentaires Long Phung Inc., certains liens conduisent \u00e0 d&rsquo;autres sites Web qui ne font pas partie de notre r\u00e9seau. Tous les liens conduisant \u00e0 ces sites Web externes sont indiqu\u00e9s uniquement pour vous accommoder. Nous n&rsquo;avons pas le contr\u00f4le de la gestion de ces sites ou de leurs contenus. Nous n&rsquo;approuvons ni n&rsquo;endossons en aucune fa\u00e7on l&rsquo;information, les contenus ou tout autre mat\u00e9riel pr\u00e9sent\u00e9s par ces sites Web externes.<\/span><\/p>\n","protected":false},"excerpt":{"rendered":"<p>D\u00c9CLARATION DE CONFIDENTIALIT\u00c9 Derni\u00e8re mise \u00e0 jour : 27 novembre 2023 Droit \u00e0 la vie priv\u00e9e Le respect du droit \u00e0 la vie priv\u00e9e de nos utilisateurs est important pour nous. De temps \u00e0 autre, nous pourrions vous demander des renseignements personnels afin de vous permettre de profiter au maximum des produits et des services [&hellip;]<\/p>\n","protected":false},"author":1,"featured_media":0,"parent":0,"menu_order":0,"comment_status":"closed","ping_status":"open","template":"","meta":{"footnotes":""},"class_list":["post-3","page","type-page","status-publish","hentry"],"yoast_head":"<!-- This site is optimized with the Yoast SEO plugin v26.5 - https:\/\/yoast.com\/wordpress\/plugins\/seo\/ -->\n<title>D\u00e9claration de confidentialit\u00e9 - Long Phung<\/title>\n<meta name=\"robots\" content=\"index, follow, max-snippet:-1, max-image-preview:large, max-video-preview:-1\" \/>\n<link rel=\"canonical\" href=\"https:\/\/longphung.com\/fr\/declaration-de-confidentialite\/\" \/>\n<meta property=\"og:locale\" content=\"fr_FR\" \/>\n<meta property=\"og:type\" content=\"article\" \/>\n<meta property=\"og:title\" content=\"D\u00e9claration de confidentialit\u00e9 - Long Phung\" \/>\n<meta property=\"og:description\" content=\"D\u00c9CLARATION DE CONFIDENTIALIT\u00c9 Derni\u00e8re mise \u00e0 jour : 27 novembre 2023 Droit \u00e0 la vie priv\u00e9e Le respect du droit \u00e0 la vie priv\u00e9e de nos utilisateurs est important pour nous. De temps \u00e0 autre, nous pourrions vous demander des renseignements personnels afin de vous permettre de profiter au maximum des produits et des services [&hellip;]\" \/>\n<meta property=\"og:url\" content=\"https:\/\/longphung.com\/fr\/declaration-de-confidentialite\/\" \/>\n<meta property=\"og:site_name\" content=\"Long Phung\" \/>\n<meta property=\"article:modified_time\" content=\"2023-12-29T16:44:05+00:00\" \/>\n<meta name=\"twitter:card\" content=\"summary_large_image\" \/>\n<meta name=\"twitter:label1\" content=\"Dur\u00e9e de lecture estim\u00e9e\" \/>\n\t<meta name=\"twitter:data1\" content=\"5 minutes\" \/>\n<script type=\"application\/ld+json\" class=\"yoast-schema-graph\">{\"@context\":\"https:\/\/schema.org\",\"@graph\":[{\"@type\":\"WebPage\",\"@id\":\"https:\/\/longphung.com\/fr\/declaration-de-confidentialite\/\",\"url\":\"https:\/\/longphung.com\/fr\/declaration-de-confidentialite\/\",\"name\":\"D\u00e9claration de confidentialit\u00e9 - Long Phung\",\"isPartOf\":{\"@id\":\"https:\/\/longphung.com\/#website\"},\"datePublished\":\"2022-11-25T06:29:29+00:00\",\"dateModified\":\"2023-12-29T16:44:05+00:00\",\"breadcrumb\":{\"@id\":\"https:\/\/longphung.com\/fr\/declaration-de-confidentialite\/#breadcrumb\"},\"inLanguage\":\"fr-FR\",\"potentialAction\":[{\"@type\":\"ReadAction\",\"target\":[\"https:\/\/longphung.com\/fr\/declaration-de-confidentialite\/\"]}]},{\"@type\":\"BreadcrumbList\",\"@id\":\"https:\/\/longphung.com\/fr\/declaration-de-confidentialite\/#breadcrumb\",\"itemListElement\":[{\"@type\":\"ListItem\",\"position\":1,\"name\":\"Accueil\",\"item\":\"https:\/\/longphung.com\/\"},{\"@type\":\"ListItem\",\"position\":2,\"name\":\"D\u00e9claration de confidentialit\u00e9\"}]},{\"@type\":\"WebSite\",\"@id\":\"https:\/\/longphung.com\/#website\",\"url\":\"https:\/\/longphung.com\/\",\"name\":\"Long Phung\",\"description\":\"Les meilleures saucisses vietnamiennes en Am\u00e9rique du Nord\u200b\",\"potentialAction\":[{\"@type\":\"SearchAction\",\"target\":{\"@type\":\"EntryPoint\",\"urlTemplate\":\"https:\/\/longphung.com\/?s={search_term_string}\"},\"query-input\":{\"@type\":\"PropertyValueSpecification\",\"valueRequired\":true,\"valueName\":\"search_term_string\"}}],\"inLanguage\":\"fr-FR\"}]}<\/script>\n<!-- \/ Yoast SEO plugin. -->","yoast_head_json":{"title":"D\u00e9claration de confidentialit\u00e9 - Long Phung","robots":{"index":"index","follow":"follow","max-snippet":"max-snippet:-1","max-image-preview":"max-image-preview:large","max-video-preview":"max-video-preview:-1"},"canonical":"https:\/\/longphung.com\/fr\/declaration-de-confidentialite\/","og_locale":"fr_FR","og_type":"article","og_title":"D\u00e9claration de confidentialit\u00e9 - Long Phung","og_description":"D\u00c9CLARATION DE CONFIDENTIALIT\u00c9 Derni\u00e8re mise \u00e0 jour : 27 novembre 2023 Droit \u00e0 la vie priv\u00e9e Le respect du droit \u00e0 la vie priv\u00e9e de nos utilisateurs est important pour nous. De temps \u00e0 autre, nous pourrions vous demander des renseignements personnels afin de vous permettre de profiter au maximum des produits et des services [&hellip;]","og_url":"https:\/\/longphung.com\/fr\/declaration-de-confidentialite\/","og_site_name":"Long Phung","article_modified_time":"2023-12-29T16:44:05+00:00","twitter_card":"summary_large_image","twitter_misc":{"Dur\u00e9e de lecture estim\u00e9e":"5 minutes"},"schema":{"@context":"https:\/\/schema.org","@graph":[{"@type":"WebPage","@id":"https:\/\/longphung.com\/fr\/declaration-de-confidentialite\/","url":"https:\/\/longphung.com\/fr\/declaration-de-confidentialite\/","name":"D\u00e9claration de confidentialit\u00e9 - Long Phung","isPartOf":{"@id":"https:\/\/longphung.com\/#website"},"datePublished":"2022-11-25T06:29:29+00:00","dateModified":"2023-12-29T16:44:05+00:00","breadcrumb":{"@id":"https:\/\/longphung.com\/fr\/declaration-de-confidentialite\/#breadcrumb"},"inLanguage":"fr-FR","potentialAction":[{"@type":"ReadAction","target":["https:\/\/longphung.com\/fr\/declaration-de-confidentialite\/"]}]},{"@type":"BreadcrumbList","@id":"https:\/\/longphung.com\/fr\/declaration-de-confidentialite\/#breadcrumb","itemListElement":[{"@type":"ListItem","position":1,"name":"Accueil","item":"https:\/\/longphung.com\/"},{"@type":"ListItem","position":2,"name":"D\u00e9claration de confidentialit\u00e9"}]},{"@type":"WebSite","@id":"https:\/\/longphung.com\/#website","url":"https:\/\/longphung.com\/","name":"Long Phung","description":"Les meilleures saucisses vietnamiennes en Am\u00e9rique du Nord\u200b","potentialAction":[{"@type":"SearchAction","target":{"@type":"EntryPoint","urlTemplate":"https:\/\/longphung.com\/?s={search_term_string}"},"query-input":{"@type":"PropertyValueSpecification","valueRequired":true,"valueName":"search_term_string"}}],"inLanguage":"fr-FR"}]}},"_links":{"self":[{"href":"https:\/\/longphung.com\/fr\/wp-json\/wp\/v2\/pages\/3","targetHints":{"allow":["GET"]}}],"collection":[{"href":"https:\/\/longphung.com\/fr\/wp-json\/wp\/v2\/pages"}],"about":[{"href":"https:\/\/longphung.com\/fr\/wp-json\/wp\/v2\/types\/page"}],"author":[{"embeddable":true,"href":"https:\/\/longphung.com\/fr\/wp-json\/wp\/v2\/users\/1"}],"replies":[{"embeddable":true,"href":"https:\/\/longphung.com\/fr\/wp-json\/wp\/v2\/comments?post=3"}],"version-history":[{"count":0,"href":"https:\/\/longphung.com\/fr\/wp-json\/wp\/v2\/pages\/3\/revisions"}],"wp:attachment":[{"href":"https:\/\/longphung.com\/fr\/wp-json\/wp\/v2\/media?parent=3"}],"curies":[{"name":"wp","href":"https:\/\/api.w.org\/{rel}","templated":true}]}}