{"id":500,"date":"2023-01-08T00:36:49","date_gmt":"2023-01-08T05:36:49","guid":{"rendered":"https:\/\/longphung.com\/\/?page_id=500"},"modified":"2023-03-08T00:26:28","modified_gmt":"2023-03-08T05:26:28","slug":"nouvelles","status":"publish","type":"page","link":"https:\/\/longphung.com\/fr\/nouvelles\/","title":{"rendered":"Nouvelles"},"content":{"rendered":"\n<style type=\"text\/css\" data-created_by=\"avia_inline_auto\" id=\"style-css-av-rhldw-b3a4fbb2d95b9fbbb706a5b20e557061\">\n.avia-section.av-rhldw-b3a4fbb2d95b9fbbb706a5b20e557061 .av-parallax .av-parallax-inner{\nbackground-repeat:no-repeat;\nbackground-image:url(https:\/\/longphung.com\/wp-content\/uploads\/2023\/01\/Header-bis3.jpg);\nbackground-position:50% 50%;\nbackground-attachment:scroll;\n}\n<\/style>\n<div id='av_section_1'  class='avia-section av-rhldw-b3a4fbb2d95b9fbbb706a5b20e557061 main_color avia-section-default avia-no-border-styling  avia-builder-el-0  el_before_av_blog  avia-builder-el-first  av-parallax-section avia-bg-style-parallax av-minimum-height av-minimum-height-100 av-height-100  container_wrap fullsize'  data-section-bg-repeat='no-repeat' data-av_minimum_height_pc='100' data-av_min_height_opt='100'><div class='av-parallax' data-avia-parallax-ratio='0.3' ><div class='av-parallax-inner main_color avia-full-stretch'><\/div><\/div><div class='container av-section-cont-open' ><main  role=\"main\" itemprop=\"mainContentOfPage\"  class='template-page content  av-content-full alpha units'><div class='post-entry post-entry-type-page post-entry-500'><div class='entry-content-wrapper clearfix'>\n\n<style type=\"text\/css\" data-created_by=\"avia_inline_auto\" id=\"style-css-av-kjfzg-1d2c28d03d752add16cd1582aeac9259\">\n.flex_column.av-kjfzg-1d2c28d03d752add16cd1582aeac9259{\npadding:20px 20px 20px 20px;\nbackground-color:rgba(238,58,61,0.9);\n}\n.avia_transform .flex_column.av-kjfzg-1d2c28d03d752add16cd1582aeac9259{\nanimation-duration:1.5s;\n}\n<\/style>\n<div  class='flex_column av-kjfzg-1d2c28d03d752add16cd1582aeac9259 av_one_third  avia-builder-el-1  avia-builder-el-no-sibling  first flex_column_div av-animated-generic fade-in-up av-parallax-object  ' data-parallax=\"{&quot;parallax&quot;:&quot;left_right&quot;,&quot;parallax_speed&quot;:&quot;&quot;,&quot;av-desktop-parallax&quot;:&quot;inherit&quot;,&quot;av-desktop-parallax_speed&quot;:&quot;inherit&quot;,&quot;av-medium-parallax&quot;:&quot;inherit&quot;,&quot;av-medium-parallax_speed&quot;:&quot;inherit&quot;,&quot;av-small-parallax&quot;:&quot;inherit&quot;,&quot;av-small-parallax_speed&quot;:&quot;inherit&quot;,&quot;av-mini-parallax&quot;:&quot;inherit&quot;,&quot;av-mini-parallax_speed&quot;:&quot;inherit&quot;,&quot;parallax-container&quot;:&quot;.av-kjfzg-1d2c28d03d752add16cd1582aeac9259&quot;}\"    ><p>\n<style type=\"text\/css\" data-created_by=\"avia_inline_auto\" id=\"style-css-av-d5rxw-0957bb718cbdda2d5b4fa40e6c06c938\">\n#top .hr.av-d5rxw-0957bb718cbdda2d5b4fa40e6c06c938{\nmargin-top:30px;\nmargin-bottom:30px;\n}\n.hr.av-d5rxw-0957bb718cbdda2d5b4fa40e6c06c938 .hr-inner{\nwidth:100%;\nborder-color:#d1a85d;\nmax-width:45%;\n}\n.hr.av-d5rxw-0957bb718cbdda2d5b4fa40e6c06c938 .av-seperator-icon{\ncolor:#d1a85d;\n}\n.hr.av-d5rxw-0957bb718cbdda2d5b4fa40e6c06c938 .av-seperator-icon.avia-svg-icon svg:first-child{\nfill:#d1a85d;\nstroke:#d1a85d;\n}\n<\/style>\n<div  class='hr av-d5rxw-0957bb718cbdda2d5b4fa40e6c06c938 hr-custom  avia-builder-el-2  el_before_av_textblock  avia-builder-el-first  hr-center hr-icon-yes'><span class='hr-inner inner-border-av-border-fat'><span class=\"hr-inner-style\"><\/span><\/span><span class='av-seperator-icon avia-iconfont avia-font-entypo-fontello' data-av_icon='\ue8bd' data-av_iconfont='entypo-fontello' ><\/span><span class='hr-inner inner-border-av-border-fat'><span class=\"hr-inner-style\"><\/span><\/span><\/div><br \/>\n\n<style type=\"text\/css\" data-created_by=\"avia_inline_auto\" id=\"style-css-av-lcqqr14d-6b0e91c7e4470db1d98397b491561df6\">\n#top .av_textblock_section.av-lcqqr14d-6b0e91c7e4470db1d98397b491561df6 .avia_textblock{\ncolor:#ffffff;\n}\n<\/style>\n<section  class='av_textblock_section av-lcqqr14d-6b0e91c7e4470db1d98397b491561df6 '   itemscope=\"itemscope\" itemtype=\"https:\/\/schema.org\/CreativeWork\" ><div class='avia_textblock av_inherit_color'  itemprop=\"text\" ><h2 style=\"text-align: center;\">Nouvelles<\/h2>\n<p style=\"text-align: center;\">Retrouvez toute l&rsquo;actualit\u00e9<br \/>\nde Long Ph\u1ee5ng.<\/p>\n<\/div><\/section><br \/>\n\n<style type=\"text\/css\" data-created_by=\"avia_inline_auto\" id=\"style-css-av-bjtis-59974d08cbaff7ea3917229d3a2b1566\">\n#top .hr.av-bjtis-59974d08cbaff7ea3917229d3a2b1566{\nmargin-top:30px;\nmargin-bottom:30px;\n}\n.hr.av-bjtis-59974d08cbaff7ea3917229d3a2b1566 .hr-inner{\nwidth:100%;\nborder-color:#d1a85d;\nmax-width:45%;\n}\n.hr.av-bjtis-59974d08cbaff7ea3917229d3a2b1566 .av-seperator-icon{\ncolor:#d1a85d;\n}\n.hr.av-bjtis-59974d08cbaff7ea3917229d3a2b1566 .av-seperator-icon.avia-svg-icon svg:first-child{\nfill:#d1a85d;\nstroke:#d1a85d;\n}\n<\/style>\n<div  class='hr av-bjtis-59974d08cbaff7ea3917229d3a2b1566 hr-custom  avia-builder-el-4  el_after_av_textblock  avia-builder-el-last  hr-center hr-icon-yes'><span class='hr-inner inner-border-av-border-fat'><span class=\"hr-inner-style\"><\/span><\/span><span class='av-seperator-icon avia-iconfont avia-font-entypo-fontello' data-av_icon='\ue8bd' data-av_iconfont='entypo-fontello' ><\/span><span class='hr-inner inner-border-av-border-fat'><span class=\"hr-inner-style\"><\/span><\/span><\/div><\/p><\/div><\/div><\/div><\/main><!-- close content main element --><\/div><\/div><div id='after_section_1'  class='main_color av_default_container_wrap container_wrap fullsize'  ><div class='container av-section-cont-open' ><div class='template-page content  av-content-full alpha units'><div class='post-entry post-entry-type-page post-entry-500'><div class='entry-content-wrapper clearfix'><div  class='av-alb-blogposts template-blog  av-blog-meta-author-disabled av-blog-meta-comments-disabled av-blog-meta-category-disabled av-blog-meta-date-disabled av-blog-meta-tag-disabled '  itemscope=\"itemscope\" itemtype=\"https:\/\/schema.org\/Blog\" ><article class=\"post-entry post-entry-type-standard post-entry-2560 post-loop-1 post-parity-odd single-big with-slider post-2560 post type-post status-publish format-standard has-post-thumbnail hentry category-nouvelles\"  itemscope=\"itemscope\" itemtype=\"https:\/\/schema.org\/BlogPosting\" ><div class=\"big-preview single-big\"  itemprop=\"image\" itemscope=\"itemscope\" itemtype=\"https:\/\/schema.org\/ImageObject\" ><a href=\"https:\/\/longphung.com\/fr\/nouvelles\/decouvrez-lhistoire-inspirante-derriere-aliments-long-phung\/\"  title=\"my-hanh-pham-aliments-long-phung_uidp2Xk\" ><img decoding=\"async\" loading=\"lazy\" width=\"1210\" height=\"423\" src=\"https:\/\/longphung.com\/wp-content\/uploads\/2025\/10\/my-hanh-pham-aliments-long-phung_uidp2Xk-1210x423.jpg\" class=\"wp-image-2561 avia-img-lazy-loading-2561 attachment-entry_without_sidebar size-entry_without_sidebar wp-post-image\" alt=\"\" \/><\/a><\/div><div class=\"blog-meta\"><\/div><div class='entry-content-wrapper clearfix standard-content'><header class=\"entry-content-header\" aria-label=\"Articles : D\u00e9couvrez l\u2019histoire inspirante derri\u00e8re Aliments Long Ph\u1ee5ng\"><h2 class='post-title entry-title '  itemprop=\"headline\" ><a href=\"https:\/\/longphung.com\/fr\/nouvelles\/decouvrez-lhistoire-inspirante-derriere-aliments-long-phung\/\" rel=\"bookmark\" title=\"Lien permanent : D\u00e9couvrez l\u2019histoire inspirante derri\u00e8re Aliments Long Ph\u1ee5ng\">D\u00e9couvrez l\u2019histoire inspirante derri\u00e8re Aliments Long Ph\u1ee5ng<span class=\"post-format-icon minor-meta\"><\/span><\/a><\/h2><span class=\"post-meta-infos\"><\/span><\/header><div class=\"entry-content\"  itemprop=\"text\" ><p>Nous sommes fiers de partager avec vous un article captivant publi\u00e9 sur Le Reflet qui retrace le parcours d\u2019Aliments Long Ph\u1ee5ng, une entreprise familiale ancr\u00e9e dans la tradition, mais r\u00e9solument tourn\u00e9e vers l\u2019avenir. Dans ce r\u00e9cit, vous plongerez au c\u0153ur d\u2019une aventure entrepreneuriale unique, port\u00e9e par une deuxi\u00e8me g\u00e9n\u00e9ration passionn\u00e9e et visionnaire. Entre h\u00e9ritage culinaire [&hellip;]<\/p>\n<div class=\"read-more-link\"><a href=\"https:\/\/longphung.com\/fr\/nouvelles\/decouvrez-lhistoire-inspirante-derriere-aliments-long-phung\/\" class=\"more-link\">Lire la suite<span class='more-link-arrow avia-svg-icon avia-font-svg_entypo-fontello' data-av_svg_icon='right-open-big' data-av_iconset='svg_entypo-fontello'><svg version=\"1.1\" xmlns=\"http:\/\/www.w3.org\/2000\/svg\" width=\"15\" height=\"32\" viewBox=\"0 0 15 32\" preserveAspectRatio=\"xMidYMid meet\" role=\"graphics-symbol\" aria-hidden=\"true\">\n<path d=\"M0.416 27.84l11.456-11.84-11.456-11.904q-0.832-0.832 0-1.536 0.832-0.832 1.536 0l12.544 12.608q0.768 0.832 0 1.6l-12.544 12.608q-0.704 0.832-1.536 0-0.832-0.704 0-1.536z\"><\/path>\n<\/svg><\/span><\/a><\/div>\n<\/div><footer class=\"entry-footer\"><\/footer><div class='post_delimiter'><\/div><\/div><div class=\"post_author_timeline\"><\/div><span class='hidden'>\n\t\t\t\t<span class='av-structured-data'  itemprop=\"image\" itemscope=\"itemscope\" itemtype=\"https:\/\/schema.org\/ImageObject\" >\n\t\t\t\t\t\t<span itemprop='url'>https:\/\/longphung.com\/wp-content\/uploads\/2025\/10\/my-hanh-pham-aliments-long-phung_uidp2Xk.jpg<\/span>\n\t\t\t\t\t\t<span itemprop='height'>1721<\/span>\n\t\t\t\t\t\t<span itemprop='width'>2560<\/span>\n\t\t\t\t<\/span>\n\t\t\t\t<span class='av-structured-data'  itemprop=\"publisher\" itemtype=\"https:\/\/schema.org\/Organization\" itemscope=\"itemscope\" >\n\t\t\t\t\t\t<span itemprop='name'>adm-longphung-in<\/span>\n\t\t\t\t\t\t<span itemprop='logo' itemscope itemtype='https:\/\/schema.org\/ImageObject'>\n\t\t\t\t\t\t\t<span itemprop='url'>https:\/\/longphung.com\/wp-content\/uploads\/2025\/07\/Logo-Long-Phung-300x178.png<\/span>\n\t\t\t\t\t\t<\/span>\n\t\t\t\t<\/span><span class='av-structured-data'  itemprop=\"author\" itemscope=\"itemscope\" itemtype=\"https:\/\/schema.org\/Person\" ><span itemprop='name'>adm-longphung-in<\/span><\/span><span class='av-structured-data'  itemprop=\"datePublished\" datetime=\"2025-10-21T12:53:34-05:00\" >2025-10-21 12:53:34<\/span><span class='av-structured-data'  itemprop=\"dateModified\" itemtype=\"https:\/\/schema.org\/dateModified\" >2025-10-21 13:10:39<\/span><span class='av-structured-data'  itemprop=\"mainEntityOfPage\" itemtype=\"https:\/\/schema.org\/mainEntityOfPage\" ><span itemprop='name'>D\u00e9couvrez l\u2019histoire inspirante derri\u00e8re Aliments Long Ph\u1ee5ng<\/span><\/span><\/span><\/article><article class=\"post-entry post-entry-type-standard post-entry-2477 post-loop-2 post-parity-even single-big with-slider post-2477 post type-post status-publish format-standard has-post-thumbnail hentry category-nouvelles\"  itemscope=\"itemscope\" itemtype=\"https:\/\/schema.org\/BlogPosting\" ><div class=\"big-preview single-big\"  itemprop=\"image\" itemscope=\"itemscope\" itemtype=\"https:\/\/schema.org\/ImageObject\" ><a href=\"https:\/\/longphung.com\/fr\/nouvelles\/celebrons-le-mois-du-patrimoine-asiatique-long-phung-est-mis-en-lumiere-sur-ctv-news-celebrating-asian-heritage-month-long-phung-featured-on-ctv-news\/\"  title=\"Famille\" ><img decoding=\"async\" loading=\"lazy\" width=\"1210\" height=\"423\" src=\"https:\/\/longphung.com\/wp-content\/uploads\/2025\/09\/Famille-1210x423.avif\" class=\"wp-image-2474 avia-img-lazy-loading-2474 attachment-entry_without_sidebar size-entry_without_sidebar wp-post-image\" alt=\"\" \/><\/a><\/div><div class=\"blog-meta\"><\/div><div class='entry-content-wrapper clearfix standard-content'><header class=\"entry-content-header\" aria-label=\"Articles : C\u00e9l\u00e9brons le Mois du patrimoine asiatique : Long Ph\u1ee5ng est mis en lumi\u00e8re sur CTV News !\"><h2 class='post-title entry-title '  itemprop=\"headline\" ><a href=\"https:\/\/longphung.com\/fr\/nouvelles\/celebrons-le-mois-du-patrimoine-asiatique-long-phung-est-mis-en-lumiere-sur-ctv-news-celebrating-asian-heritage-month-long-phung-featured-on-ctv-news\/\" rel=\"bookmark\" title=\"Lien permanent : C\u00e9l\u00e9brons le Mois du patrimoine asiatique : Long Ph\u1ee5ng est mis en lumi\u00e8re sur CTV News !\">C\u00e9l\u00e9brons le Mois du patrimoine asiatique : Long Ph\u1ee5ng est mis en lumi\u00e8re sur CTV News !<span class=\"post-format-icon minor-meta\"><\/span><\/a><\/h2><span class=\"post-meta-infos\"><\/span><\/header><div class=\"entry-content\"  itemprop=\"text\" ><p>Nous sommes honor\u00e9s et ravis d&rsquo;annoncer que Long Ph\u1ee5ng a \u00e9t\u00e9 pr\u00e9sent\u00e9 dans un article de CTV News mettant en valeur les entreprises montr\u00e9alaises inspir\u00e9es par leurs cultures d&rsquo;origine. En tant que restaurant familial d\u00e9di\u00e9 \u00e0 la cuisine vietnamienne authentique, nous sommes fiers de partager les saveurs et les traditions qui d\u00e9finissent notre h\u00e9ritage. Cette [&hellip;]<\/p>\n<div class=\"read-more-link\"><a href=\"https:\/\/longphung.com\/fr\/nouvelles\/celebrons-le-mois-du-patrimoine-asiatique-long-phung-est-mis-en-lumiere-sur-ctv-news-celebrating-asian-heritage-month-long-phung-featured-on-ctv-news\/\" class=\"more-link\">Lire la suite<span class='more-link-arrow avia-svg-icon avia-font-svg_entypo-fontello' data-av_svg_icon='right-open-big' data-av_iconset='svg_entypo-fontello'><svg version=\"1.1\" xmlns=\"http:\/\/www.w3.org\/2000\/svg\" width=\"15\" height=\"32\" viewBox=\"0 0 15 32\" preserveAspectRatio=\"xMidYMid meet\" role=\"graphics-symbol\" aria-hidden=\"true\">\n<path d=\"M0.416 27.84l11.456-11.84-11.456-11.904q-0.832-0.832 0-1.536 0.832-0.832 1.536 0l12.544 12.608q0.768 0.832 0 1.6l-12.544 12.608q-0.704 0.832-1.536 0-0.832-0.704 0-1.536z\"><\/path>\n<\/svg><\/span><\/a><\/div>\n<\/div><footer class=\"entry-footer\"><\/footer><div class='post_delimiter'><\/div><\/div><div class=\"post_author_timeline\"><\/div><span class='hidden'>\n\t\t\t\t<span class='av-structured-data'  itemprop=\"image\" itemscope=\"itemscope\" itemtype=\"https:\/\/schema.org\/ImageObject\" >\n\t\t\t\t\t\t<span itemprop='url'>https:\/\/longphung.com\/wp-content\/uploads\/2025\/09\/Famille.avif<\/span>\n\t\t\t\t\t\t<span itemprop='height'>900<\/span>\n\t\t\t\t\t\t<span itemprop='width'>1600<\/span>\n\t\t\t\t<\/span>\n\t\t\t\t<span class='av-structured-data'  itemprop=\"publisher\" itemtype=\"https:\/\/schema.org\/Organization\" itemscope=\"itemscope\" >\n\t\t\t\t\t\t<span itemprop='name'>adm-longphung-in<\/span>\n\t\t\t\t\t\t<span itemprop='logo' itemscope itemtype='https:\/\/schema.org\/ImageObject'>\n\t\t\t\t\t\t\t<span itemprop='url'>https:\/\/longphung.com\/wp-content\/uploads\/2025\/07\/Logo-Long-Phung-300x178.png<\/span>\n\t\t\t\t\t\t<\/span>\n\t\t\t\t<\/span><span class='av-structured-data'  itemprop=\"author\" itemscope=\"itemscope\" itemtype=\"https:\/\/schema.org\/Person\" ><span itemprop='name'>adm-longphung-in<\/span><\/span><span class='av-structured-data'  itemprop=\"datePublished\" datetime=\"2025-09-15T14:12:09-05:00\" >2025-09-15 14:12:09<\/span><span class='av-structured-data'  itemprop=\"dateModified\" itemtype=\"https:\/\/schema.org\/dateModified\" >2025-09-15 14:37:02<\/span><span class='av-structured-data'  itemprop=\"mainEntityOfPage\" itemtype=\"https:\/\/schema.org\/mainEntityOfPage\" ><span itemprop='name'>C\u00e9l\u00e9brons le Mois du patrimoine asiatique : Long Ph\u1ee5ng est mis en lumi\u00e8re sur CTV News !<\/span><\/span><\/span><\/article><article class=\"post-entry post-entry-type-standard post-entry-2451 post-loop-3 post-parity-odd post-entry-last single-big with-slider post-2451 post type-post status-publish format-standard has-post-thumbnail hentry category-nouvelles\"  itemscope=\"itemscope\" itemtype=\"https:\/\/schema.org\/BlogPosting\" ><div class=\"big-preview single-big\"  itemprop=\"image\" itemscope=\"itemscope\" itemtype=\"https:\/\/schema.org\/ImageObject\" ><a href=\"https:\/\/longphung.com\/fr\/nouvelles\/long-phung-dans-le-houston-chronicle-top-10-des-finalistes-du-concours-h-e-b-quest-for-texas-best-2025\/\"  title=\"Long Phung HEB\" ><img decoding=\"async\" loading=\"lazy\" width=\"960\" height=\"423\" src=\"https:\/\/longphung.com\/wp-content\/uploads\/2025\/09\/Long-Phung-HEB-960x423.webp\" class=\"wp-image-2443 avia-img-lazy-loading-2443 attachment-entry_without_sidebar size-entry_without_sidebar wp-post-image\" alt=\"\" \/><\/a><\/div><div class=\"blog-meta\"><\/div><div class='entry-content-wrapper clearfix standard-content'><header class=\"entry-content-header\" aria-label=\"Articles : Long Ph\u1ee5ng dans le Houston Chronicle : Top 10 des Finalistes du Concours H-E-B \u00ab Quest for Texas Best 2025 \u00bb !\"><h2 class='post-title entry-title '  itemprop=\"headline\" ><a href=\"https:\/\/longphung.com\/fr\/nouvelles\/long-phung-dans-le-houston-chronicle-top-10-des-finalistes-du-concours-h-e-b-quest-for-texas-best-2025\/\" rel=\"bookmark\" title=\"Lien permanent : Long Ph\u1ee5ng dans le Houston Chronicle : Top 10 des Finalistes du Concours H-E-B \u00ab Quest for Texas Best 2025 \u00bb !\">Long Ph\u1ee5ng dans le Houston Chronicle : Top 10 des Finalistes du Concours H-E-B \u00ab Quest for Texas Best 2025 \u00bb !<span class=\"post-format-icon minor-meta\"><\/span><\/a><\/h2><span class=\"post-meta-infos\"><\/span><\/header><div class=\"entry-content\"  itemprop=\"text\" ><p>&nbsp; Nous sommes extr\u00eamement fiers d&rsquo;annoncer que Long Ph\u1ee5ng a \u00e9t\u00e9 mis \u00e0 l&rsquo;honneur dans le Houston Chronicle pour avoir \u00e9t\u00e9 s\u00e9lectionn\u00e9 parmi les 10 finalistes du Concours H-E-B \u00ab Quest for Texas Best 2025 \u00bb ! \ud83c\udf89 Cette reconnaissance est tr\u00e8s importante pour nous et refl\u00e8te notre passion pour apporter les saveurs authentiques du [&hellip;]<\/p>\n<div class=\"read-more-link\"><a href=\"https:\/\/longphung.com\/fr\/nouvelles\/long-phung-dans-le-houston-chronicle-top-10-des-finalistes-du-concours-h-e-b-quest-for-texas-best-2025\/\" class=\"more-link\">Lire la suite<span class='more-link-arrow avia-svg-icon avia-font-svg_entypo-fontello' data-av_svg_icon='right-open-big' data-av_iconset='svg_entypo-fontello'><svg version=\"1.1\" xmlns=\"http:\/\/www.w3.org\/2000\/svg\" width=\"15\" height=\"32\" viewBox=\"0 0 15 32\" preserveAspectRatio=\"xMidYMid meet\" role=\"graphics-symbol\" aria-hidden=\"true\">\n<path d=\"M0.416 27.84l11.456-11.84-11.456-11.904q-0.832-0.832 0-1.536 0.832-0.832 1.536 0l12.544 12.608q0.768 0.832 0 1.6l-12.544 12.608q-0.704 0.832-1.536 0-0.832-0.704 0-1.536z\"><\/path>\n<\/svg><\/span><\/a><\/div>\n<\/div><footer class=\"entry-footer\"><\/footer><div class='post_delimiter'><\/div><\/div><div class=\"post_author_timeline\"><\/div><span class='hidden'>\n\t\t\t\t<span class='av-structured-data'  itemprop=\"image\" itemscope=\"itemscope\" itemtype=\"https:\/\/schema.org\/ImageObject\" >\n\t\t\t\t\t\t<span itemprop='url'>https:\/\/longphung.com\/wp-content\/uploads\/2025\/09\/Long-Phung-HEB.webp<\/span>\n\t\t\t\t\t\t<span itemprop='height'>540<\/span>\n\t\t\t\t\t\t<span itemprop='width'>960<\/span>\n\t\t\t\t<\/span>\n\t\t\t\t<span class='av-structured-data'  itemprop=\"publisher\" itemtype=\"https:\/\/schema.org\/Organization\" itemscope=\"itemscope\" >\n\t\t\t\t\t\t<span itemprop='name'>adm-longphung-in<\/span>\n\t\t\t\t\t\t<span itemprop='logo' itemscope itemtype='https:\/\/schema.org\/ImageObject'>\n\t\t\t\t\t\t\t<span itemprop='url'>https:\/\/longphung.com\/wp-content\/uploads\/2025\/07\/Logo-Long-Phung-300x178.png<\/span>\n\t\t\t\t\t\t<\/span>\n\t\t\t\t<\/span><span class='av-structured-data'  itemprop=\"author\" itemscope=\"itemscope\" itemtype=\"https:\/\/schema.org\/Person\" ><span itemprop='name'>adm-longphung-in<\/span><\/span><span class='av-structured-data'  itemprop=\"datePublished\" datetime=\"2025-09-15T13:00:21-05:00\" >2025-09-15 13:00:21<\/span><span class='av-structured-data'  itemprop=\"dateModified\" itemtype=\"https:\/\/schema.org\/dateModified\" >2025-09-15 13:00:21<\/span><span class='av-structured-data'  itemprop=\"mainEntityOfPage\" itemtype=\"https:\/\/schema.org\/mainEntityOfPage\" ><span itemprop='name'>Long Ph\u1ee5ng dans le Houston Chronicle : Top 10 des Finalistes du Concours H-E-B \u00ab Quest for Texas Best 2025 \u00bb !<\/span><\/span><\/span><\/article><div class='single-big'><nav class='pagination'><span class='pagination-meta'>Page 1 sur 2<\/span><span class='current'>1<\/span><a href='https:\/\/longphung.com\/fr\/wp-json\/wp\/v2\/pages\/500\/page\/2\/' class='inactive next_page' >2<\/a><\/nav>\n<\/div><\/div><\/p>\n","protected":false},"excerpt":{"rendered":"","protected":false},"author":1,"featured_media":0,"parent":0,"menu_order":0,"comment_status":"closed","ping_status":"closed","template":"","meta":{"footnotes":""},"class_list":["post-500","page","type-page","status-publish","hentry"],"yoast_head":"<!-- This site is optimized with the Yoast SEO plugin v26.5 - https:\/\/yoast.com\/wordpress\/plugins\/seo\/ -->\n<title>Nouvelles - Long Phung<\/title>\n<meta name=\"description\" content=\"Retrouvez toute l&#039;actualit\u00e9 de Long Ph\u1ee5ng, l\u2019un des fabricants les plus renomm\u00e9s de saucisses vietnamiennes en Am\u00e9rique du Nord et au Vietnam.\" \/>\n<meta name=\"robots\" content=\"index, follow, max-snippet:-1, max-image-preview:large, max-video-preview:-1\" \/>\n<link rel=\"canonical\" href=\"https:\/\/longphung.com\/nouvelles\/\" \/>\n<meta property=\"og:locale\" content=\"fr_FR\" \/>\n<meta property=\"og:type\" content=\"article\" \/>\n<meta property=\"og:title\" content=\"Nouvelles - Long Phung\" \/>\n<meta property=\"og:description\" content=\"Retrouvez toute l&#039;actualit\u00e9 de Long Ph\u1ee5ng, l\u2019un des fabricants les plus renomm\u00e9s de saucisses vietnamiennes en Am\u00e9rique du Nord et au Vietnam.\" \/>\n<meta property=\"og:url\" content=\"https:\/\/longphung.com\/nouvelles\/\" \/>\n<meta property=\"og:site_name\" content=\"Long Phung\" \/>\n<meta property=\"article:modified_time\" content=\"2023-03-08T05:26:28+00:00\" \/>\n<meta name=\"twitter:card\" content=\"summary_large_image\" \/>\n<meta name=\"twitter:label1\" content=\"Dur\u00e9e de lecture estim\u00e9e\" \/>\n\t<meta name=\"twitter:data1\" content=\"2 minutes\" \/>\n<script type=\"application\/ld+json\" class=\"yoast-schema-graph\">{\"@context\":\"https:\/\/schema.org\",\"@graph\":[{\"@type\":\"WebPage\",\"@id\":\"https:\/\/longphung.com\/nouvelles\/\",\"url\":\"https:\/\/longphung.com\/nouvelles\/\",\"name\":\"Nouvelles - Long Phung\",\"isPartOf\":{\"@id\":\"https:\/\/longphung.com\/#website\"},\"datePublished\":\"2023-01-08T05:36:49+00:00\",\"dateModified\":\"2023-03-08T05:26:28+00:00\",\"description\":\"Retrouvez toute l'actualit\u00e9 de Long Ph\u1ee5ng, l\u2019un des fabricants les plus renomm\u00e9s de saucisses vietnamiennes en Am\u00e9rique du Nord et au Vietnam.\",\"breadcrumb\":{\"@id\":\"https:\/\/longphung.com\/nouvelles\/#breadcrumb\"},\"inLanguage\":\"fr-FR\",\"potentialAction\":[{\"@type\":\"ReadAction\",\"target\":[\"https:\/\/longphung.com\/nouvelles\/\"]}]},{\"@type\":\"BreadcrumbList\",\"@id\":\"https:\/\/longphung.com\/nouvelles\/#breadcrumb\",\"itemListElement\":[{\"@type\":\"ListItem\",\"position\":1,\"name\":\"Accueil\",\"item\":\"https:\/\/longphung.com\/\"},{\"@type\":\"ListItem\",\"position\":2,\"name\":\"Nouvelles\"}]},{\"@type\":\"WebSite\",\"@id\":\"https:\/\/longphung.com\/#website\",\"url\":\"https:\/\/longphung.com\/\",\"name\":\"Long Phung\",\"description\":\"Les meilleures saucisses vietnamiennes en Am\u00e9rique du Nord\u200b\",\"potentialAction\":[{\"@type\":\"SearchAction\",\"target\":{\"@type\":\"EntryPoint\",\"urlTemplate\":\"https:\/\/longphung.com\/?s={search_term_string}\"},\"query-input\":{\"@type\":\"PropertyValueSpecification\",\"valueRequired\":true,\"valueName\":\"search_term_string\"}}],\"inLanguage\":\"fr-FR\"}]}<\/script>\n<!-- \/ Yoast SEO plugin. -->","yoast_head_json":{"title":"Nouvelles - Long Phung","description":"Retrouvez toute l'actualit\u00e9 de Long Ph\u1ee5ng, l\u2019un des fabricants les plus renomm\u00e9s de saucisses vietnamiennes en Am\u00e9rique du Nord et au Vietnam.","robots":{"index":"index","follow":"follow","max-snippet":"max-snippet:-1","max-image-preview":"max-image-preview:large","max-video-preview":"max-video-preview:-1"},"canonical":"https:\/\/longphung.com\/nouvelles\/","og_locale":"fr_FR","og_type":"article","og_title":"Nouvelles - Long Phung","og_description":"Retrouvez toute l'actualit\u00e9 de Long Ph\u1ee5ng, l\u2019un des fabricants les plus renomm\u00e9s de saucisses vietnamiennes en Am\u00e9rique du Nord et au Vietnam.","og_url":"https:\/\/longphung.com\/nouvelles\/","og_site_name":"Long Phung","article_modified_time":"2023-03-08T05:26:28+00:00","twitter_card":"summary_large_image","twitter_misc":{"Dur\u00e9e de lecture estim\u00e9e":"2 minutes"},"schema":{"@context":"https:\/\/schema.org","@graph":[{"@type":"WebPage","@id":"https:\/\/longphung.com\/nouvelles\/","url":"https:\/\/longphung.com\/nouvelles\/","name":"Nouvelles - Long Phung","isPartOf":{"@id":"https:\/\/longphung.com\/#website"},"datePublished":"2023-01-08T05:36:49+00:00","dateModified":"2023-03-08T05:26:28+00:00","description":"Retrouvez toute l'actualit\u00e9 de Long Ph\u1ee5ng, l\u2019un des fabricants les plus renomm\u00e9s de saucisses vietnamiennes en Am\u00e9rique du Nord et au Vietnam.","breadcrumb":{"@id":"https:\/\/longphung.com\/nouvelles\/#breadcrumb"},"inLanguage":"fr-FR","potentialAction":[{"@type":"ReadAction","target":["https:\/\/longphung.com\/nouvelles\/"]}]},{"@type":"BreadcrumbList","@id":"https:\/\/longphung.com\/nouvelles\/#breadcrumb","itemListElement":[{"@type":"ListItem","position":1,"name":"Accueil","item":"https:\/\/longphung.com\/"},{"@type":"ListItem","position":2,"name":"Nouvelles"}]},{"@type":"WebSite","@id":"https:\/\/longphung.com\/#website","url":"https:\/\/longphung.com\/","name":"Long Phung","description":"Les meilleures saucisses vietnamiennes en Am\u00e9rique du Nord\u200b","potentialAction":[{"@type":"SearchAction","target":{"@type":"EntryPoint","urlTemplate":"https:\/\/longphung.com\/?s={search_term_string}"},"query-input":{"@type":"PropertyValueSpecification","valueRequired":true,"valueName":"search_term_string"}}],"inLanguage":"fr-FR"}]}},"_links":{"self":[{"href":"https:\/\/longphung.com\/fr\/wp-json\/wp\/v2\/pages\/500","targetHints":{"allow":["GET"]}}],"collection":[{"href":"https:\/\/longphung.com\/fr\/wp-json\/wp\/v2\/pages"}],"about":[{"href":"https:\/\/longphung.com\/fr\/wp-json\/wp\/v2\/types\/page"}],"author":[{"embeddable":true,"href":"https:\/\/longphung.com\/fr\/wp-json\/wp\/v2\/users\/1"}],"replies":[{"embeddable":true,"href":"https:\/\/longphung.com\/fr\/wp-json\/wp\/v2\/comments?post=500"}],"version-history":[{"count":0,"href":"https:\/\/longphung.com\/fr\/wp-json\/wp\/v2\/pages\/500\/revisions"}],"wp:attachment":[{"href":"https:\/\/longphung.com\/fr\/wp-json\/wp\/v2\/media?parent=500"}],"curies":[{"name":"wp","href":"https:\/\/api.w.org\/{rel}","templated":true}]}}