{"id":1817,"date":"2023-01-09T15:40:13","date_gmt":"2023-01-09T20:40:13","guid":{"rendered":"https:\/\/longphung.com\/lien-he\/"},"modified":"2023-04-04T15:39:37","modified_gmt":"2023-04-04T20:39:37","slug":"lien-he","status":"publish","type":"page","link":"https:\/\/longphung.com\/vi\/lien-he\/","title":{"rendered":"Li\u00ean h\u1ec7"},"content":{"rendered":"\n<style type=\"text\/css\" data-created_by=\"avia_inline_auto\" id=\"style-css-av-3d33wv-8776db25c79a761c09b92ec0e0f6f9ff\">\n.avia-section.av-3d33wv-8776db25c79a761c09b92ec0e0f6f9ff .av-parallax .av-parallax-inner{\nbackground-repeat:no-repeat;\nbackground-image:url(https:\/\/longphung.com\/wp-content\/uploads\/2023\/02\/Header-contact.jpg);\nbackground-position:50% 50%;\nbackground-attachment:scroll;\n}\n<\/style>\n<div id='av_section_1'  class='avia-section av-3d33wv-8776db25c79a761c09b92ec0e0f6f9ff main_color avia-section-default avia-no-border-styling  avia-builder-el-0  el_before_av_section  avia-builder-el-first  av-parallax-section avia-bg-style-parallax av-minimum-height av-minimum-height-100 av-height-100  container_wrap fullsize'  data-section-bg-repeat='no-repeat' data-av_minimum_height_pc='100' data-av_min_height_opt='100'><div class='av-parallax' data-avia-parallax-ratio='0.3' ><div class='av-parallax-inner main_color avia-full-stretch'><\/div><\/div><div class='container av-section-cont-open' ><main  role=\"main\" itemprop=\"mainContentOfPage\"  class='template-page content  av-content-full alpha units'><div class='post-entry post-entry-type-page post-entry-1817'><div class='entry-content-wrapper clearfix'>\n\n<style type=\"text\/css\" data-created_by=\"avia_inline_auto\" id=\"style-css-av-37rdwn-df1e394e01febbf16401e060f7375c9b\">\n.flex_column.av-37rdwn-df1e394e01febbf16401e060f7375c9b{\npadding:20px 20px 20px 20px;\nbackground-color:rgba(238,58,61,0.9);\n}\n.avia_transform .flex_column.av-37rdwn-df1e394e01febbf16401e060f7375c9b{\nanimation-duration:1.5s;\n}\n<\/style>\n<div  class='flex_column av-37rdwn-df1e394e01febbf16401e060f7375c9b av_one_third  avia-builder-el-1  avia-builder-el-no-sibling  first flex_column_div av-animated-generic fade-in-up av-parallax-object  ' data-parallax=\"{&quot;parallax&quot;:&quot;left_right&quot;,&quot;parallax_speed&quot;:&quot;&quot;,&quot;av-desktop-parallax&quot;:&quot;inherit&quot;,&quot;av-desktop-parallax_speed&quot;:&quot;inherit&quot;,&quot;av-medium-parallax&quot;:&quot;inherit&quot;,&quot;av-medium-parallax_speed&quot;:&quot;inherit&quot;,&quot;av-small-parallax&quot;:&quot;inherit&quot;,&quot;av-small-parallax_speed&quot;:&quot;inherit&quot;,&quot;av-mini-parallax&quot;:&quot;inherit&quot;,&quot;av-mini-parallax_speed&quot;:&quot;inherit&quot;,&quot;parallax-container&quot;:&quot;.av-37rdwn-df1e394e01febbf16401e060f7375c9b&quot;}\"    ><p>\n<style type=\"text\/css\" data-created_by=\"avia_inline_auto\" id=\"style-css-av-33vxuf-2290cd48f7a070160dbbd538269c1933\">\n#top .hr.av-33vxuf-2290cd48f7a070160dbbd538269c1933{\nmargin-top:30px;\nmargin-bottom:30px;\n}\n.hr.av-33vxuf-2290cd48f7a070160dbbd538269c1933 .hr-inner{\nwidth:100%;\nborder-color:#d1a85d;\nmax-width:45%;\n}\n.hr.av-33vxuf-2290cd48f7a070160dbbd538269c1933 .av-seperator-icon{\ncolor:#d1a85d;\n}\n.hr.av-33vxuf-2290cd48f7a070160dbbd538269c1933 .av-seperator-icon.avia-svg-icon svg:first-child{\nfill:#d1a85d;\nstroke:#d1a85d;\n}\n<\/style>\n<div  class='hr av-33vxuf-2290cd48f7a070160dbbd538269c1933 hr-custom  avia-builder-el-2  el_before_av_textblock  avia-builder-el-first  hr-center hr-icon-yes'><span class='hr-inner inner-border-av-border-fat'><span class=\"hr-inner-style\"><\/span><\/span><span class='av-seperator-icon avia-iconfont avia-font-entypo-fontello' data-av_icon='\ue8bd' data-av_iconfont='entypo-fontello' ><\/span><span class='hr-inner inner-border-av-border-fat'><span class=\"hr-inner-style\"><\/span><\/span><\/div><br \/>\n\n<style type=\"text\/css\" data-created_by=\"avia_inline_auto\" id=\"style-css-av-lcp9owbz-aad92bae6c776fb6a432d718634da689\">\n#top .av_textblock_section.av-lcp9owbz-aad92bae6c776fb6a432d718634da689 .avia_textblock{\ncolor:#ffffff;\n}\n<\/style>\n<section  class='av_textblock_section av-lcp9owbz-aad92bae6c776fb6a432d718634da689 '   itemscope=\"itemscope\" itemtype=\"https:\/\/schema.org\/CreativeWork\" ><div class='avia_textblock av_inherit_color'  itemprop=\"text\" ><h2 style=\"text-align: center;\">Li\u00ean h\u1ec7<\/h2>\n<p style=\"text-align: center;\">C\u00e2u h\u1ecfi, \u00fd ki\u1ebfn,<br \/>\nM\u1ed9t d\u1ef1 \u00e1n h\u1ee3p t\u00e1c?<\/p>\n<\/div><\/section><br \/>\n\n<style type=\"text\/css\" data-created_by=\"avia_inline_auto\" id=\"style-css-av-2utw6v-d68aad4f2abe1bf2f71327855a06a9e6\">\n#top .hr.av-2utw6v-d68aad4f2abe1bf2f71327855a06a9e6{\nmargin-top:30px;\nmargin-bottom:30px;\n}\n.hr.av-2utw6v-d68aad4f2abe1bf2f71327855a06a9e6 .hr-inner{\nwidth:100%;\nborder-color:#d1a85d;\nmax-width:45%;\n}\n.hr.av-2utw6v-d68aad4f2abe1bf2f71327855a06a9e6 .av-seperator-icon{\ncolor:#d1a85d;\n}\n.hr.av-2utw6v-d68aad4f2abe1bf2f71327855a06a9e6 .av-seperator-icon.avia-svg-icon svg:first-child{\nfill:#d1a85d;\nstroke:#d1a85d;\n}\n<\/style>\n<div  class='hr av-2utw6v-d68aad4f2abe1bf2f71327855a06a9e6 hr-custom  avia-builder-el-4  el_after_av_textblock  avia-builder-el-last  hr-center hr-icon-yes'><span class='hr-inner inner-border-av-border-fat'><span class=\"hr-inner-style\"><\/span><\/span><span class='av-seperator-icon avia-iconfont avia-font-entypo-fontello' data-av_icon='\ue8bd' data-av_iconfont='entypo-fontello' ><\/span><span class='hr-inner inner-border-av-border-fat'><span class=\"hr-inner-style\"><\/span><\/span><\/div><\/p><\/div>\n\n<\/div><\/div><\/main><!-- close content main element --><\/div><\/div><div id='av_section_2'  class='avia-section av-2p8f3r-0ac6c8d5887863e7ec0a21602b47e842 main_color avia-section-default avia-no-border-styling  avia-builder-el-5  el_after_av_section  avia-builder-el-last  avia-bg-style-scroll container_wrap fullsize'  ><div class='container av-section-cont-open' ><div class='template-page content  av-content-full alpha units'><div class='post-entry post-entry-type-page post-entry-1817'><div class='entry-content-wrapper clearfix'>\n<div class='flex_column_table av-wg11z-8a0ca4494de4521ced52aff4b040cc9a sc-av_one_half av-equal-height-column-flextable'>\n<style type=\"text\/css\" data-created_by=\"avia_inline_auto\" id=\"style-css-av-wg11z-8a0ca4494de4521ced52aff4b040cc9a\">\n.flex_column.av-wg11z-8a0ca4494de4521ced52aff4b040cc9a{\nwidth:48.5%;\nmargin-left:0;\n}\n#top .flex_column_table.av-equal-height-column-flextable.av-wg11z-8a0ca4494de4521ced52aff4b040cc9a .av-flex-placeholder{\nwidth:3%;\n}\n<\/style>\n<div  class='flex_column av-wg11z-8a0ca4494de4521ced52aff4b040cc9a av_one_half  avia-builder-el-6  el_before_av_one_half  avia-builder-el-first  first flex_column_table_cell av-equal-height-column av-align-top  '     ><p><section  class='av_textblock_section av-r60rz-8d56dfcbb089ee9c490076145234d449 '   itemscope=\"itemscope\" itemtype=\"https:\/\/schema.org\/CreativeWork\" ><div class='avia_textblock'  itemprop=\"text\" ><p>C\u1ea3m \u01a1n qu\u00fd kh\u00e1ch \u0111\u00e3 quan t\u00e2m \u0111\u1ebfn Long Ph\u1ee5ng N\u1ebfu qu\u00fd kh\u00e1ch c\u00f3 b\u1ea5t k\u1ef3 c\u00e2u h\u1ecfi, nh\u1eadn x\u00e9t ho\u1eb7c \u0111\u1ec1 xu\u1ea5t n\u00e0o qu\u00fd kh\u00e1ch c\u00f3 th\u1ec3 g\u1eedi tin nh\u1eafn cho ch\u00fang t\u00f4i qua bi\u1ec3u m\u1eabu n\u00e0y. C\u1ea3m \u01a1n<\/p>\n<\/div><\/section><br \/>\n\n<style type=\"text\/css\" data-created_by=\"avia_inline_auto\" id=\"style-css-av-bbi73-e2fd33caa80be2a2211a96957487f1cf\">\n#top .hr.av-bbi73-e2fd33caa80be2a2211a96957487f1cf{\nmargin-top:20px;\nmargin-bottom:20px;\n}\n.hr.av-bbi73-e2fd33caa80be2a2211a96957487f1cf .hr-inner{\nwidth:100px;\nborder-color:#d1a85d;\n}\n<\/style>\n<div  class='hr av-bbi73-e2fd33caa80be2a2211a96957487f1cf hr-custom  avia-builder-el-8  el_after_av_textblock  el_before_av_image  hr-left hr-icon-no'><span class='hr-inner inner-border-av-border-thin'><span class=\"hr-inner-style\"><\/span><\/span><\/div><br \/>\n\n<style type=\"text\/css\" data-created_by=\"avia_inline_auto\" id=\"style-css-av-ldkhtv2x-8e186cb1c7fb0afa062700a863232f9c\">\n.avia-image-container.av-ldkhtv2x-8e186cb1c7fb0afa062700a863232f9c img.avia_image{\nbox-shadow:none;\n}\n.avia-image-container.av-ldkhtv2x-8e186cb1c7fb0afa062700a863232f9c .av-image-caption-overlay-center{\ncolor:#ffffff;\n}\n<\/style>\n<div  class='avia-image-container av-ldkhtv2x-8e186cb1c7fb0afa062700a863232f9c av-styling-no-styling avia-align-center  avia-builder-el-9  el_after_av_hr  avia-builder-el-last '   itemprop=\"image\" itemscope=\"itemscope\" itemtype=\"https:\/\/schema.org\/ImageObject\" ><div class=\"avia-image-container-inner\"><div class=\"avia-image-overlay-wrap\"><img decoding=\"async\" fetchpriority=\"high\" class='wp-image-1770 avia-img-lazy-loading-not-1770 avia_image ' src=\"https:\/\/longphung.com\/wp-content\/uploads\/2023\/02\/Happy-Family-Meal-contact.jpg\" alt='' title=''  height=\"457\" width=\"766\"  itemprop=\"thumbnailUrl\" srcset=\"https:\/\/longphung.com\/wp-content\/uploads\/2023\/02\/Happy-Family-Meal-contact.jpg 766w, https:\/\/longphung.com\/wp-content\/uploads\/2023\/02\/Happy-Family-Meal-contact-300x179.jpg 300w, https:\/\/longphung.com\/wp-content\/uploads\/2023\/02\/Happy-Family-Meal-contact-705x421.jpg 705w\" sizes=\"(max-width: 766px) 100vw, 766px\" \/><\/div><\/div><\/div><\/p><\/div><div class='av-flex-placeholder'><\/div>\n<style type=\"text\/css\" data-created_by=\"avia_inline_auto\" id=\"style-css-av-7xoe7-a15febc2c6688d536ffddba3ae945b65\">\n.flex_column.av-7xoe7-a15febc2c6688d536ffddba3ae945b65{\nwidth:48.5%;\nmargin-left:0;\n}\n#top .flex_column_table.av-equal-height-column-flextable.av-7xoe7-a15febc2c6688d536ffddba3ae945b65 .av-flex-placeholder{\nwidth:3%;\n}\n<\/style>\n<div  class='flex_column av-7xoe7-a15febc2c6688d536ffddba3ae945b65 av_one_half  avia-builder-el-10  el_after_av_one_half  avia-builder-el-last  flex_column_table_cell av-equal-height-column av-align-top  '     ><section  class='av_textblock_section av-lcsnsccw-b6541d0b9655f7f189241121459113b9 '   itemscope=\"itemscope\" itemtype=\"https:\/\/schema.org\/CreativeWork\" ><div class='avia_textblock'  itemprop=\"text\" >\n<div class=\"wpcf7 no-js\" id=\"wpcf7-f1862-o1\" lang=\"vi-VN\" dir=\"ltr\" data-wpcf7-id=\"1862\">\n<div class=\"screen-reader-response\"><p role=\"status\" aria-live=\"polite\" aria-atomic=\"true\"><\/p> <ul><\/ul><\/div>\n<form action=\"\/vi\/wp-json\/wp\/v2\/pages\/1817#wpcf7-f1862-o1\" method=\"post\" class=\"wpcf7-form init\" aria-label=\"Contact form\" novalidate=\"novalidate\" data-status=\"init\">\n<fieldset class=\"hidden-fields-container\"><input type=\"hidden\" name=\"_wpcf7\" value=\"1862\" \/><input type=\"hidden\" name=\"_wpcf7_version\" value=\"6.1.4\" \/><input type=\"hidden\" name=\"_wpcf7_locale\" value=\"vi_VN\" \/><input type=\"hidden\" name=\"_wpcf7_unit_tag\" value=\"wpcf7-f1862-o1\" \/><input type=\"hidden\" name=\"_wpcf7_container_post\" value=\"0\" \/><input type=\"hidden\" name=\"_wpcf7_posted_data_hash\" value=\"\" \/><input type=\"hidden\" name=\"_wpcf7_recaptcha_response\" value=\"\" \/>\n<\/fieldset>\n<p><span class=\"wpcf7-form-control-wrap\" data-name=\"prenom\"><input size=\"40\" maxlength=\"400\" class=\"wpcf7-form-control wpcf7-text wpcf7-validates-as-required\" aria-required=\"true\" aria-invalid=\"false\" placeholder=\"T\u00ean\" value=\"\" type=\"text\" name=\"prenom\" \/><\/span>\n<\/p>\n<p><span class=\"wpcf7-form-control-wrap\" data-name=\"nom\"><input size=\"40\" maxlength=\"400\" class=\"wpcf7-form-control wpcf7-text wpcf7-validates-as-required\" aria-required=\"true\" aria-invalid=\"false\" placeholder=\"H\u1ecd\" value=\"\" type=\"text\" name=\"nom\" \/><\/span>\n<\/p>\n<p><span class=\"wpcf7-form-control-wrap\" data-name=\"entreprise\"><input size=\"40\" maxlength=\"400\" class=\"wpcf7-form-control wpcf7-text wpcf7-validates-as-required\" aria-required=\"true\" aria-invalid=\"false\" placeholder=\"C\u00f4ng ty\" value=\"\" type=\"text\" name=\"entreprise\" \/><\/span>\n<\/p>\n<p><span class=\"wpcf7-form-control-wrap\" data-name=\"telephone\"><input size=\"40\" maxlength=\"400\" class=\"wpcf7-form-control wpcf7-text wpcf7-validates-as-required\" aria-required=\"true\" aria-invalid=\"false\" placeholder=\"S\u1ed1 \u0111i\u1ec7n tho\u1ea1i\" value=\"\" type=\"text\" name=\"telephone\" \/><\/span>\n<\/p>\n<p><span class=\"wpcf7-form-control-wrap\" data-name=\"courriel\"><input size=\"40\" maxlength=\"400\" class=\"wpcf7-form-control wpcf7-email wpcf7-validates-as-required wpcf7-text wpcf7-validates-as-email\" aria-required=\"true\" aria-invalid=\"false\" placeholder=\"Email\" value=\"\" type=\"email\" name=\"courriel\" \/><\/span>\n<\/p>\n<p><span class=\"wpcf7-form-control-wrap\" data-name=\"sujet\"><input size=\"40\" maxlength=\"400\" class=\"wpcf7-form-control wpcf7-text wpcf7-validates-as-required\" aria-required=\"true\" aria-invalid=\"false\" placeholder=\"Ch\u1ee7 \u0111\u1ec1\" value=\"\" type=\"text\" name=\"sujet\" \/><\/span>\n<\/p>\n<p><span class=\"wpcf7-form-control-wrap\" data-name=\"requete\"><textarea cols=\"40\" rows=\"10\" maxlength=\"2000\" class=\"wpcf7-form-control wpcf7-textarea wpcf7-validates-as-required\" aria-required=\"true\" aria-invalid=\"false\" placeholder=\"Y\u00eau c\u1ea7u\" name=\"requete\"><\/textarea><\/span>\n<\/p>\n<p><input class=\"wpcf7-form-control wpcf7-submit has-spinner\" type=\"submit\" value=\"G\u1eedi\" \/>\n<\/p><div class=\"wpcf7-response-output\" aria-hidden=\"true\"><\/div>\n<\/form>\n<\/div>\n\n<\/div><\/section><\/div><\/div><!--close column table wrapper. Autoclose: 1 -->\n","protected":false},"excerpt":{"rendered":"","protected":false},"author":1,"featured_media":0,"parent":0,"menu_order":0,"comment_status":"closed","ping_status":"closed","template":"","meta":{"footnotes":""},"class_list":["post-1817","page","type-page","status-publish","hentry"],"yoast_head":"<!-- This site is optimized with the Yoast SEO plugin v26.5 - https:\/\/yoast.com\/wordpress\/plugins\/seo\/ -->\n<title>Li\u00ean h\u1ec7 - Long Phung<\/title>\n<meta name=\"description\" content=\"C\u1ea3m \u01a1n qu\u00fd kh\u00e1ch \u0111\u00e3 quan t\u00e2m \u0111\u1ebfn Long Ph\u1ee5ng N\u1ebfu qu\u00fd kh\u00e1ch c\u00f3 b\u1ea5t c\u1ee9 c\u00e2u h\u1ecfi, nh\u1eadn x\u00e9t, ho\u1eb7c \u0111\u1ec1 ngh\u1ecb...\" \/>\n<meta name=\"robots\" content=\"index, follow, max-snippet:-1, max-image-preview:large, max-video-preview:-1\" \/>\n<link rel=\"canonical\" href=\"https:\/\/longphung.com\/vi\/lien-he\/\" \/>\n<meta property=\"og:locale\" content=\"vi_VN\" \/>\n<meta property=\"og:type\" content=\"article\" \/>\n<meta property=\"og:title\" content=\"Li\u00ean h\u1ec7 - Long Phung\" \/>\n<meta property=\"og:description\" content=\"C\u1ea3m \u01a1n qu\u00fd kh\u00e1ch \u0111\u00e3 quan t\u00e2m \u0111\u1ebfn Long Ph\u1ee5ng N\u1ebfu qu\u00fd kh\u00e1ch c\u00f3 b\u1ea5t c\u1ee9 c\u00e2u h\u1ecfi, nh\u1eadn x\u00e9t, ho\u1eb7c \u0111\u1ec1 ngh\u1ecb...\" \/>\n<meta property=\"og:url\" content=\"https:\/\/longphung.com\/vi\/lien-he\/\" \/>\n<meta property=\"og:site_name\" content=\"Long Phung\" \/>\n<meta property=\"article:modified_time\" content=\"2023-04-04T20:39:37+00:00\" \/>\n<meta name=\"twitter:card\" content=\"summary_large_image\" \/>\n<meta name=\"twitter:label1\" content=\"Est. reading time\" \/>\n\t<meta name=\"twitter:data1\" content=\"13 minutes\" \/>\n<script type=\"application\/ld+json\" class=\"yoast-schema-graph\">{\"@context\":\"https:\/\/schema.org\",\"@graph\":[{\"@type\":\"WebPage\",\"@id\":\"https:\/\/longphung.com\/vi\/lien-he\/\",\"url\":\"https:\/\/longphung.com\/vi\/lien-he\/\",\"name\":\"Li\u00ean h\u1ec7 - Long Phung\",\"isPartOf\":{\"@id\":\"https:\/\/longphung.com\/#website\"},\"datePublished\":\"2023-01-09T20:40:13+00:00\",\"dateModified\":\"2023-04-04T20:39:37+00:00\",\"description\":\"C\u1ea3m \u01a1n qu\u00fd kh\u00e1ch \u0111\u00e3 quan t\u00e2m \u0111\u1ebfn Long Ph\u1ee5ng N\u1ebfu qu\u00fd kh\u00e1ch c\u00f3 b\u1ea5t c\u1ee9 c\u00e2u h\u1ecfi, nh\u1eadn x\u00e9t, ho\u1eb7c \u0111\u1ec1 ngh\u1ecb...\",\"breadcrumb\":{\"@id\":\"https:\/\/longphung.com\/vi\/lien-he\/#breadcrumb\"},\"inLanguage\":\"vi-VN\",\"potentialAction\":[{\"@type\":\"ReadAction\",\"target\":[\"https:\/\/longphung.com\/vi\/lien-he\/\"]}]},{\"@type\":\"BreadcrumbList\",\"@id\":\"https:\/\/longphung.com\/vi\/lien-he\/#breadcrumb\",\"itemListElement\":[{\"@type\":\"ListItem\",\"position\":1,\"name\":\"Accueil\",\"item\":\"https:\/\/longphung.com\/vi\/\"},{\"@type\":\"ListItem\",\"position\":2,\"name\":\"Li\u00ean h\u1ec7\"}]},{\"@type\":\"WebSite\",\"@id\":\"https:\/\/longphung.com\/#website\",\"url\":\"https:\/\/longphung.com\/\",\"name\":\"Long Phung\",\"description\":\"Les meilleures saucisses vietnamiennes en Am\u00e9rique du Nord\u200b\",\"potentialAction\":[{\"@type\":\"SearchAction\",\"target\":{\"@type\":\"EntryPoint\",\"urlTemplate\":\"https:\/\/longphung.com\/?s={search_term_string}\"},\"query-input\":{\"@type\":\"PropertyValueSpecification\",\"valueRequired\":true,\"valueName\":\"search_term_string\"}}],\"inLanguage\":\"vi-VN\"}]}<\/script>\n<!-- \/ Yoast SEO plugin. -->","yoast_head_json":{"title":"Li\u00ean h\u1ec7 - Long Phung","description":"C\u1ea3m \u01a1n qu\u00fd kh\u00e1ch \u0111\u00e3 quan t\u00e2m \u0111\u1ebfn Long Ph\u1ee5ng N\u1ebfu qu\u00fd kh\u00e1ch c\u00f3 b\u1ea5t c\u1ee9 c\u00e2u h\u1ecfi, nh\u1eadn x\u00e9t, ho\u1eb7c \u0111\u1ec1 ngh\u1ecb...","robots":{"index":"index","follow":"follow","max-snippet":"max-snippet:-1","max-image-preview":"max-image-preview:large","max-video-preview":"max-video-preview:-1"},"canonical":"https:\/\/longphung.com\/vi\/lien-he\/","og_locale":"vi_VN","og_type":"article","og_title":"Li\u00ean h\u1ec7 - Long Phung","og_description":"C\u1ea3m \u01a1n qu\u00fd kh\u00e1ch \u0111\u00e3 quan t\u00e2m \u0111\u1ebfn Long Ph\u1ee5ng N\u1ebfu qu\u00fd kh\u00e1ch c\u00f3 b\u1ea5t c\u1ee9 c\u00e2u h\u1ecfi, nh\u1eadn x\u00e9t, ho\u1eb7c \u0111\u1ec1 ngh\u1ecb...","og_url":"https:\/\/longphung.com\/vi\/lien-he\/","og_site_name":"Long Phung","article_modified_time":"2023-04-04T20:39:37+00:00","twitter_card":"summary_large_image","twitter_misc":{"Est. reading time":"13 minutes"},"schema":{"@context":"https:\/\/schema.org","@graph":[{"@type":"WebPage","@id":"https:\/\/longphung.com\/vi\/lien-he\/","url":"https:\/\/longphung.com\/vi\/lien-he\/","name":"Li\u00ean h\u1ec7 - Long Phung","isPartOf":{"@id":"https:\/\/longphung.com\/#website"},"datePublished":"2023-01-09T20:40:13+00:00","dateModified":"2023-04-04T20:39:37+00:00","description":"C\u1ea3m \u01a1n qu\u00fd kh\u00e1ch \u0111\u00e3 quan t\u00e2m \u0111\u1ebfn Long Ph\u1ee5ng N\u1ebfu qu\u00fd kh\u00e1ch c\u00f3 b\u1ea5t c\u1ee9 c\u00e2u h\u1ecfi, nh\u1eadn x\u00e9t, ho\u1eb7c \u0111\u1ec1 ngh\u1ecb...","breadcrumb":{"@id":"https:\/\/longphung.com\/vi\/lien-he\/#breadcrumb"},"inLanguage":"vi-VN","potentialAction":[{"@type":"ReadAction","target":["https:\/\/longphung.com\/vi\/lien-he\/"]}]},{"@type":"BreadcrumbList","@id":"https:\/\/longphung.com\/vi\/lien-he\/#breadcrumb","itemListElement":[{"@type":"ListItem","position":1,"name":"Accueil","item":"https:\/\/longphung.com\/vi\/"},{"@type":"ListItem","position":2,"name":"Li\u00ean h\u1ec7"}]},{"@type":"WebSite","@id":"https:\/\/longphung.com\/#website","url":"https:\/\/longphung.com\/","name":"Long Phung","description":"Les meilleures saucisses vietnamiennes en Am\u00e9rique du Nord\u200b","potentialAction":[{"@type":"SearchAction","target":{"@type":"EntryPoint","urlTemplate":"https:\/\/longphung.com\/?s={search_term_string}"},"query-input":{"@type":"PropertyValueSpecification","valueRequired":true,"valueName":"search_term_string"}}],"inLanguage":"vi-VN"}]}},"_links":{"self":[{"href":"https:\/\/longphung.com\/vi\/wp-json\/wp\/v2\/pages\/1817","targetHints":{"allow":["GET"]}}],"collection":[{"href":"https:\/\/longphung.com\/vi\/wp-json\/wp\/v2\/pages"}],"about":[{"href":"https:\/\/longphung.com\/vi\/wp-json\/wp\/v2\/types\/page"}],"author":[{"embeddable":true,"href":"https:\/\/longphung.com\/vi\/wp-json\/wp\/v2\/users\/1"}],"replies":[{"embeddable":true,"href":"https:\/\/longphung.com\/vi\/wp-json\/wp\/v2\/comments?post=1817"}],"version-history":[{"count":0,"href":"https:\/\/longphung.com\/vi\/wp-json\/wp\/v2\/pages\/1817\/revisions"}],"wp:attachment":[{"href":"https:\/\/longphung.com\/vi\/wp-json\/wp\/v2\/media?parent=1817"}],"curies":[{"name":"wp","href":"https:\/\/api.w.org\/{rel}","templated":true}]}}