{"id":2016,"date":"2022-11-25T06:29:29","date_gmt":"2022-11-25T11:29:29","guid":{"rendered":"https:\/\/longphung.com\/cam-ket-bao-mat\/"},"modified":"2023-12-29T11:59:18","modified_gmt":"2023-12-29T16:59:18","slug":"chinh-sach-quyen-rieng-tu","status":"publish","type":"page","link":"https:\/\/longphung.com\/vi\/chinh-sach-quyen-rieng-tu\/","title":{"rendered":"Ch\u00ednh S\u00e1ch Quy\u1ec1n Ri\u00eang T\u01b0"},"content":{"rendered":"<h2>Ch\u00ednh S\u00e1ch Quy\u1ec1n Ri\u00eang T\u01b0<\/h2>\n<p><em>C\u1eadp nh\u1eadt l\u1ea7n cu\u1ed1i: 27 th\u00e1ng 11, 2023<\/em><\/p>\n<h3>Quy\u1ec1n Ri\u00eang T\u01b0<\/h3>\n<p><span style=\"font-weight: 400;\">Quy\u1ec1n ri\u00eang t\u01b0 c\u1ee7a ng\u01b0\u1eddi d\u00f9ng l\u00e0 \u0111i\u1ec1u quan tr\u1ecdng \u0111\u1ed1i v\u1edbi ch\u00fang t\u00f4i. \u0110\u00f4i khi, ch\u00fang t\u00f4i c\u00f3 th\u1ec3 y\u00eau c\u1ea7u th\u00f4ng tin c\u00e1 nh\u00e2n nh\u1eb1m h\u1ed7 tr\u1ee3 cho vi\u1ec7c tham gia v\u00e0 tr\u1ea3i nghi\u1ec7m nh\u1eefng g\u00ec m\u00e0 C\u00f4ng ty S\u1ea3n Ph\u1ea9m Th\u1ef1c ph\u1ea9m Long Ph\u1ee5ng c\u00f3 \u0111\u1ec3 cung c\u1ea5p. Cam k\u1ebft c\u1ee7a ch\u00fang t\u00f4i n\u1eb1m \u1edf t\u00ednh minh b\u1ea1ch th\u00f4ng tin v\u1ec1 vi\u1ec7c s\u1eed d\u1ee5ng th\u00f4ng tin c\u00e1 nh\u00e2n c\u1ee7a b\u1ea1n. Tr\u1eeb khi \u0111\u01b0\u1ee3c \u1ee7y quy\u1ec1n kh\u00e1c b\u1edfi b\u1ea1n, ch\u00fang t\u00f4i cam \u0111oan r\u1eb1ng m\u1ecdi th\u00f4ng tin c\u00e1 nh\u00e2n m\u00e0 b\u1ea1n chia s\u1ebb v\u1edbi ch\u00fang t\u00f4i s\u1ebd \u0111\u01b0\u1ee3c b\u1ea3o v\u1ec7 v\u00e0 kh\u00f4ng \u0111\u01b0\u1ee3c ti\u1ebft l\u1ed9 cho b\u1ea5t k\u1ef3 b\u00ean th\u1ee9 ba n\u00e0o.<\/span><\/p>\n<h3>Th\u00f4ng Tin Ch\u00fang T\u00f4i Thu Th\u1eadp v\u00e0 C\u00e1ch S\u1eed D\u1ee5ng N\u00f3<\/h3>\n<p><span style=\"font-weight: 400;\">Khi b\u1ea1n t\u1ea1o m\u1ed9t t\u00e0i kho\u1ea3n v\u1edbi C\u00f4ng ty S\u1ea3n Ph\u1ea9m Th\u1ef1c ph\u1ea9m Long Ph\u1ee5ng, ch\u00fang t\u00f4i thu th\u1eadp v\u00e0 s\u1eed d\u1ee5ng th\u00f4ng tin m\u00e0 b\u1ea1n cung c\u1ea5p trong qu\u00e1 tr\u00ecnh n\u00e0y, bao g\u1ed3m t\u00ean v\u00e0 h\u1ecd c\u0169ng nh\u01b0 \u0111\u1ecba ch\u1ec9 email c\u1ee7a b\u1ea1n. B\u1ea1n c\u00f3 th\u1ec3 c\u1eadp nh\u1eadt m\u1ed9t s\u1ed1 th\u00f4ng tin t\u00e0i kho\u1ea3n chi ti\u1ebft th\u00f4ng qua c\u00e0i \u0111\u1eb7t t\u00e0i kho\u1ea3n c\u1ee7a m\u00ecnh. N\u1ebfu b\u1ea1n nghi ng\u1edd r\u1eb1ng m\u1ed9t t\u00e0i kho\u1ea3n kh\u00f4ng \u0111\u01b0\u1ee3c \u1ee7y quy\u1ec1n \u0111\u00e3 \u0111\u01b0\u1ee3c t\u1ea1o b\u1eb1ng th\u00f4ng tin c\u00e1 nh\u00e2n c\u1ee7a b\u1ea1n, b\u1ea1n c\u00f3 th\u1ec3 y\u00eau c\u1ea7u x\u00f3a n\u00f3 b\u1eb1ng c\u00e1ch li\u00ean h\u1ec7 v\u1edbi ch\u00fang t\u00f4i qua \u0111\u1ecba ch\u1ec9 email <\/span><a href=\"mailto:lpcan@longtingroup.com\"><span style=\"font-weight: 400;\">lpcan@longtingroup.com<\/span><\/a><span style=\"font-weight: 400;\">.<\/span><\/p>\n<h3>X\u00f3a D\u1eef Li\u1ec7u<\/h3>\n<p><span style=\"font-weight: 400;\">\u0110\u1ec3 y\u00eau c\u1ea7u x\u00f3a th\u00f4ng tin t\u00e0i kho\u1ea3n c\u1ee7a b\u1ea1n kh\u1ecfi m\u00e1y ch\u1ee7 c\u1ee7a ch\u00fang t\u00f4i, vui l\u00f2ng li\u00ean h\u1ec7 v\u1edbi ch\u00fang t\u00f4i cung c\u1ea5p t\u00ean ng\u01b0\u1eddi d\u00f9ng v\u00e0\/ho\u1eb7c \u0111\u1ecba ch\u1ec9 email c\u1ee7a b\u1ea1n t\u1ea1i \u0111\u1ecba ch\u1ec9 sau: lpcan@longtingroup.com. Xin l\u01b0u \u00fd r\u1eb1ng m\u1ecdi ho\u1ea1t \u0111\u1ed9ng li\u00ean quan \u0111\u1ebfn t\u00e0i kho\u1ea3n n\u00e0y, bao g\u1ed3m nh\u1eadn x\u00e9t, m\u1ee5c \u01b0a th\u00edch, v.v., c\u0169ng s\u1ebd b\u1ecb x\u00f3a v\u0129nh vi\u1ec5n. M\u1ed9t khi d\u1eef li\u1ec7u b\u1ecb x\u00f3a, s\u1ebd kh\u00f4ng th\u1ec3 kh\u00f4i ph\u1ee5c \u0111\u01b0\u1ee3c.\u00a0\u00a0\u00a0<\/span><\/p>\n<h3>Cookies<\/h3>\n<p><span style=\"font-weight: 400;\">Ch\u00fang t\u00f4i c\u00f3 th\u1ec3 s\u1eed d\u1ee5ng m\u1ed9t t\u00ednh n\u0103ng tr\u00ecnh duy\u1ec7t g\u1ecdi l\u00e0 &#8216;cookie&#8217; \u0111\u1ec3 l\u01b0u tr\u1eef m\u1ed9t s\u1ed1 th\u00f4ng tin c\u00e1 nh\u00e2n. B\u1ea3n th\u00e2n Cookie kh\u00f4ng th\u1ec3 ti\u1ebft l\u1ed9 danh t\u00ednh c\u00e1 nh\u00e2n c\u1ee7a b\u1ea5t k\u1ef3 ng\u01b0\u1eddi n\u00e0o d\u00f9ng trang web. Th\u00f4ng tin c\u00e1 nh\u00e2n n\u00e0y x\u00e1c \u0111\u1ecbnh tr\u00ecnh duy\u1ec7t c\u1ee7a b\u1ea1n, k\u1ebft n\u1ed1i n\u00f3 v\u1edbi m\u00e1y ch\u1ee7 c\u1ee7a ch\u00fang t\u00f4i khi b\u1ea1n truy c\u1eadp v\u00e0o trang web c\u1ee7a ch\u00fang t\u00f4i, nh\u01b0ng n\u00f3 kh\u00f4ng tr\u1ef1c ti\u1ebfp x\u00e1c \u0111\u1ecbnh b\u1ea1n. M\u1eb7c d\u00f9 ch\u00fang t\u00f4i g\u1eafn m\u1ed9t cookie cho tr\u00ecnh duy\u1ec7t c\u1ee7a b\u1ea1n nh\u01b0ng tr\u1eeb khi b\u1ea1n th\u00f4ng b\u00e1o c\u1ee5 th\u1ec3 cho ch\u00fang t\u00f4i, n\u1ebfu kh\u00f4ng ch\u00fang t\u00f4i s\u1ebd kh\u00f4ng nh\u1eadn bi\u1ebft \u0111\u01b0\u1ee3c danh t\u00ednh c\u1ee7a b\u1ea1n. Xin l\u01b0u \u00fd r\u1eb1ng n\u1ebfu b\u1ea1n ch\u1ecdn kh\u00f4ng ch\u1ea5p nh\u1eadn cookie, c\u00f3 th\u1ec3 b\u1ea1n s\u1ebd g\u1eb7p h\u1ea1n ch\u1ebf trong vi\u1ec7c truy c\u1eadp v\u00e0o m\u1ed9t s\u1ed1 t\u00ednh n\u0103ng tr\u00ean trang web c\u1ee7a c\u00f4ng ty S\u1ea3n Ph\u1ea9m Th\u1ef1c Ph\u1ea9m Long Ph\u1ee5ng.<\/span><\/p>\n<h3>Cu\u1ed9c Thi<\/h3>\n<p><span style=\"font-weight: 400;\">\u0110\u00f4i khi ch\u00fang t\u00f4i ho\u1eb7c m\u1ed9t trong nh\u1eefng nh\u00e0 qu\u1ea3ng c\u00e1o c\u1ee7a ch\u00fang t\u00f4i c\u00f3 th\u1ec3 t\u1ed5 ch\u1ee9c m\u1ed9t cu\u1ed9c thi ho\u1eb7c ch\u01b0\u01a1ng tr\u00ecnh khuy\u1ebfn m\u00e3i v\u00e0 vi\u1ec7c tham gia l\u00e0 t\u00f9y ch\u1ecdn, y\u00eau c\u1ea7u b\u1ea1n cung c\u1ea5p th\u00f4ng tin \u0111\u01b0\u1ee3c y\u00eau c\u1ea7u. Tr\u1ebb em d\u01b0\u1edbi \u0111\u1ed9 tu\u1ed5i theo quy \u0111\u1ecbnh ph\u00e1p lu\u1eadt ph\u1ea3i \u0111\u01b0\u1ee3c s\u1ef1 cho ph\u00e9p c\u1ee7a cha m\u1eb9 ho\u1eb7c ng\u01b0\u1eddi gi\u00e1m h\u1ed9 ph\u00e1p l\u00fd tr\u01b0\u1edbc khi tham gia c\u00e1c cu\u1ed9c thi ho\u1eb7c ch\u01b0\u01a1ng tr\u00ecnh khuy\u1ebfn m\u00e3i n\u00e0y. Ch\u00fang t\u00f4i khuy\u1ebfn kh\u00edch b\u1ea1n xem x\u00e9t, \u0111\u1ecdc k\u1ef9 quy \u0111\u1ecbnh v\u00e0 \u0111i\u1ec1u l\u1ec7 cu\u1ed9c thi c\u1ee7a ch\u00fang t\u00f4i.\u00a0<\/span><\/p>\n<h3>Kh\u1ea3o s\u00e1t<\/h3>\n<p><span style=\"font-weight: 400;\">Th\u1ec9nh tho\u1ea3ng c\u00f4ng ty S\u1ea3n Ph\u1ea9m Th\u1ef1c ph\u1ea9m Long Ph\u1ee5ng s\u1ebd ti\u1ebfn h\u00e0nh c\u00e1c cu\u1ed9c kh\u1ea3o s\u00e1t tr\u1ef1c tuy\u1ebfn cho m\u1ee5c \u0111\u00edch n\u1ed9i b\u1ed9 ho\u1eb7c thay m\u1eb7t cho b\u00ean th\u1ee9 ba \u0111\u1ec3 thu th\u1eadp th\u00f4ng tin t\u1ed5ng quan v\u1ec1 ng\u01b0\u1eddi d\u00f9ng v\u00e0\/ho\u1eb7c quan \u0111i\u1ec3m c\u1ee7a h\u1ecd. Vi\u1ec7c tham gia v\u00e0o nh\u1eefng cu\u1ed9c kh\u1ea3o s\u00e1t n\u00e0y l\u00e0 t\u00f9y \u00fd v\u00e0 ch\u00fang t\u00f4i ch\u1ec9 thu th\u1eadp th\u00f4ng tin \u0111\u01b0\u1ee3c ng\u01b0\u1eddi d\u00f9ng cung c\u1ea5p m\u1ed9t c\u00e1ch c\u00f3 \u00fd th\u1ee9c. B\u1ea5t k\u1ef3 th\u00f4ng tin c\u00e1 nh\u00e2n n\u00e0o x\u00e1c \u0111\u1ecbnh \u0111\u01b0\u1ee3c c\u0169ng s\u1ebd kh\u00f4ng \u0111\u01b0\u1ee3c chia s\u1ebb.<\/span><\/p>\n<h3>C\u00e1ch Ch\u00fang T\u00f4i S\u1eed D\u1ee5ng Th\u00f4ng Tin C\u00e1 Nh\u00e2n C\u1ee7a B\u1ea1n<\/h3>\n<p><span style=\"font-weight: 400;\">Th\u1ec9nh tho\u1ea3ng, ch\u00fang t\u00f4i c\u00f3 th\u1ec3 ph\u00e2n t\u00edch l\u01b0u l\u01b0\u1ee3ng v\u00e0 m\u00f4 h\u00ecnh s\u1eed d\u1ee5ng tr\u00ean trang web c\u1ee7a C\u00f4ng ty S\u1ea3n ph\u1ea9m Th\u1ef1c ph\u1ea9m Long Ph\u1ee5ng \u0111\u1ec3 x\u00e1c \u0111\u1ecbnh nh\u1eefng t\u00ednh n\u0103ng v\u00e0 d\u1ecbch v\u1ee5 m\u00e0 ng\u01b0\u1eddi d\u00f9ng \u01b0a th\u00edch v\u00e0 kh\u00f4ng \u01b0a th\u00edch \u0111\u1ec3 ch\u00fang t\u00f4i c\u00f3 th\u1ec3 c\u1ea3i thi\u1ec7n d\u1ecbch v\u1ee5 c\u1ee7a m\u00ecnh.\u00a0 Ch\u00fang t\u00f4i chu\u1ea9n b\u1ecb th\u1ed1ng k\u00ea t\u1ed5ng h\u1ee3p v\u1ec1 ng\u01b0\u1eddi d\u00f9ng ho\u1eb7c t\u00f3m l\u01b0\u1ee3c th\u00f4ng tin \u0111\u1ec3 m\u00f4 t\u1ea3 d\u1ecbch v\u1ee5 c\u1ee7a ch\u00fang t\u00f4i cho b\u00ean th\u1ee9 ba nh\u01b0 \u0111\u1ed1i t\u00e1c kinh doanh ti\u1ec1m n\u0103ng v\u00e0 qu\u1ea3ng c\u00e1o v\u00e0 cho m\u1ee5c \u0111\u00edch h\u1ee3p ph\u00e1p kh\u00e1c. M\u1ed9t nh\u00e0 qu\u1ea3ng c\u00e1o c\u1ee7a C\u00f4ng ty S\u1ea3n ph\u1ea9m Th\u1ef1c ph\u1ea9m Long Ph\u1ee5ng s\u1ebd kh\u00f4ng bao gi\u1edd c\u00f3 quy\u1ec1n tr\u1ef1c ti\u1ebfp truy c\u1eadp th\u00f4ng tin c\u00e1 nh\u00e2n c\u1ee7a b\u1ea1n. Ch\u00fang t\u00f4i s\u1ebd kh\u00f4ng ti\u1ebft l\u1ed9 th\u00f4ng tin c\u00e1 nh\u00e2n v\u1ec1 b\u1ea1n cho b\u1ea5t k\u1ef3 b\u00ean th\u1ee9 ba n\u00e0o m\u00e0 kh\u00f4ng c\u00f3 s\u1ef1 \u0111\u1ed3ng \u00fd tr\u01b0\u1edbc \u0111\u00f3 c\u1ee7a b\u1ea1n. Tuy nhi\u00ean, c\u00f3 nh\u1eefng tr\u01b0\u1eddng h\u1ee3p ch\u00fang t\u00f4i ph\u1ea3i ti\u1ebft l\u1ed9 th\u00f4ng tin c\u00e1 nh\u00e2n theo y\u00eau c\u1ea7u ph\u00e1p lu\u1eadt nh\u01b0 y\u00eau c\u1ea7u c\u1ee7a t\u00f2a \u00e1n, l\u1ec7nh t\u00ecm ki\u1ebfm, trong t\u00ecnh hu\u1ed1ng kh\u1ea9n c\u1ea5p, ho\u1eb7c v\u00ec l\u00fd do an ninh.<\/span><\/p>\n<h3>Li\u00ean K\u1ebft B\u00ean Ngo\u1ea1i<\/h3>\n<p><span style=\"font-weight: 400;\">C\u00f3 c\u00e1c li\u00ean k\u1ebft tr\u00ean trang web C\u00f4ng ty S\u1ea3n ph\u1ea9m Th\u1ef1c ph\u1ea9m Long Ph\u1ee5ng \u0111\u01b0a b\u1ea1n \u0111\u1ebfn c\u00e1c trang web kh\u00e1c ngo\u00e0i d\u1ecbch v\u1ee5 c\u1ee7a ch\u00fang t\u00f4i. B\u1ea5t k\u1ef3 li\u00ean k\u1ebft n\u00e0o cung c\u1ea5p \u0111\u1ebfn c\u00e1c trang web b\u00ean th\u1ee9 ba ngo\u00e0i C\u00f4ng ty S\u1ea3n ph\u1ea9m Th\u1ef1c ph\u1ea9m Long Ph\u1ee5ng ch\u1ec9 mang t\u00ednh thu\u1eadn ti\u1ec7n. Ho\u1ea1t \u0111\u1ed9ng v\u00e0 n\u1ed9i dung c\u1ee7a nh\u1eefng trang web b\u00ean th\u1ee9 ba n\u00e0y n\u1eb1m ngo\u00e0i t\u1ea7m ki\u1ec3m so\u00e1t c\u1ee7a ch\u00fang t\u00f4i. Ch\u00fang t\u00f4i kh\u00f4ng b\u1ea3o l\u01b0u, theo b\u1ea5t k\u1ef3 c\u00e1ch n\u00e0o, ho\u1eb7c ch\u1ea5p nh\u1eadn b\u1ea5t k\u1ef3 tr\u00e1ch nhi\u1ec7m n\u00e0o v\u1ec1 th\u00f4ng tin, n\u1ed9i dung ho\u1eb7c v\u1eadt li\u1ec7u kh\u00e1c c\u00f3 th\u1ec3 ch\u1ee9a tr\u00ean nh\u1eefng trang web \u0111\u00f3.<\/span><\/p>\n","protected":false},"excerpt":{"rendered":"<p>Ch\u00ednh S\u00e1ch Quy\u1ec1n Ri\u00eang T\u01b0 C\u1eadp nh\u1eadt l\u1ea7n cu\u1ed1i: 27 th\u00e1ng 11, 2023 Quy\u1ec1n Ri\u00eang T\u01b0 Quy\u1ec1n ri\u00eang t\u01b0 c\u1ee7a ng\u01b0\u1eddi d\u00f9ng l\u00e0 \u0111i\u1ec1u quan tr\u1ecdng \u0111\u1ed1i v\u1edbi ch\u00fang t\u00f4i. \u0110\u00f4i khi, ch\u00fang t\u00f4i c\u00f3 th\u1ec3 y\u00eau c\u1ea7u th\u00f4ng tin c\u00e1 nh\u00e2n nh\u1eb1m h\u1ed7 tr\u1ee3 cho vi\u1ec7c tham gia v\u00e0 tr\u1ea3i nghi\u1ec7m nh\u1eefng g\u00ec m\u00e0 [&hellip;]<\/p>\n","protected":false},"author":1,"featured_media":0,"parent":0,"menu_order":0,"comment_status":"closed","ping_status":"open","template":"","meta":{"footnotes":""},"class_list":["post-2016","page","type-page","status-publish","hentry"],"yoast_head":"<!-- This site is optimized with the Yoast SEO plugin v26.5 - https:\/\/yoast.com\/wordpress\/plugins\/seo\/ -->\n<title>Ch\u00ednh S\u00e1ch Quy\u1ec1n Ri\u00eang T\u01b0 - Long Phung<\/title>\n<meta name=\"robots\" content=\"index, follow, max-snippet:-1, max-image-preview:large, max-video-preview:-1\" \/>\n<link rel=\"canonical\" href=\"https:\/\/longphung.com\/vi\/chinh-sach-quyen-rieng-tu\/\" \/>\n<meta property=\"og:locale\" content=\"vi_VN\" \/>\n<meta property=\"og:type\" content=\"article\" \/>\n<meta property=\"og:title\" content=\"Ch\u00ednh S\u00e1ch Quy\u1ec1n Ri\u00eang T\u01b0 - Long Phung\" \/>\n<meta property=\"og:description\" content=\"Ch\u00ednh S\u00e1ch Quy\u1ec1n Ri\u00eang T\u01b0 C\u1eadp nh\u1eadt l\u1ea7n cu\u1ed1i: 27 th\u00e1ng 11, 2023 Quy\u1ec1n Ri\u00eang T\u01b0 Quy\u1ec1n ri\u00eang t\u01b0 c\u1ee7a ng\u01b0\u1eddi d\u00f9ng l\u00e0 \u0111i\u1ec1u quan tr\u1ecdng \u0111\u1ed1i v\u1edbi ch\u00fang t\u00f4i. \u0110\u00f4i khi, ch\u00fang t\u00f4i c\u00f3 th\u1ec3 y\u00eau c\u1ea7u th\u00f4ng tin c\u00e1 nh\u00e2n nh\u1eb1m h\u1ed7 tr\u1ee3 cho vi\u1ec7c tham gia v\u00e0 tr\u1ea3i nghi\u1ec7m nh\u1eefng g\u00ec m\u00e0 [&hellip;]\" \/>\n<meta property=\"og:url\" content=\"https:\/\/longphung.com\/vi\/chinh-sach-quyen-rieng-tu\/\" \/>\n<meta property=\"og:site_name\" content=\"Long Phung\" \/>\n<meta property=\"article:modified_time\" content=\"2023-12-29T16:59:18+00:00\" \/>\n<meta name=\"twitter:card\" content=\"summary_large_image\" \/>\n<meta name=\"twitter:label1\" content=\"Est. reading time\" \/>\n\t<meta name=\"twitter:data1\" content=\"5 minutes\" \/>\n<script type=\"application\/ld+json\" class=\"yoast-schema-graph\">{\"@context\":\"https:\/\/schema.org\",\"@graph\":[{\"@type\":\"WebPage\",\"@id\":\"https:\/\/longphung.com\/vi\/chinh-sach-quyen-rieng-tu\/\",\"url\":\"https:\/\/longphung.com\/vi\/chinh-sach-quyen-rieng-tu\/\",\"name\":\"Ch\u00ednh S\u00e1ch Quy\u1ec1n Ri\u00eang T\u01b0 - Long Phung\",\"isPartOf\":{\"@id\":\"https:\/\/longphung.com\/#website\"},\"datePublished\":\"2022-11-25T11:29:29+00:00\",\"dateModified\":\"2023-12-29T16:59:18+00:00\",\"breadcrumb\":{\"@id\":\"https:\/\/longphung.com\/vi\/chinh-sach-quyen-rieng-tu\/#breadcrumb\"},\"inLanguage\":\"vi-VN\",\"potentialAction\":[{\"@type\":\"ReadAction\",\"target\":[\"https:\/\/longphung.com\/vi\/chinh-sach-quyen-rieng-tu\/\"]}]},{\"@type\":\"BreadcrumbList\",\"@id\":\"https:\/\/longphung.com\/vi\/chinh-sach-quyen-rieng-tu\/#breadcrumb\",\"itemListElement\":[{\"@type\":\"ListItem\",\"position\":1,\"name\":\"Accueil\",\"item\":\"https:\/\/longphung.com\/vi\/\"},{\"@type\":\"ListItem\",\"position\":2,\"name\":\"Ch\u00ednh S\u00e1ch Quy\u1ec1n Ri\u00eang T\u01b0\"}]},{\"@type\":\"WebSite\",\"@id\":\"https:\/\/longphung.com\/#website\",\"url\":\"https:\/\/longphung.com\/\",\"name\":\"Long Phung\",\"description\":\"Les meilleures saucisses vietnamiennes en Am\u00e9rique du Nord\u200b\",\"potentialAction\":[{\"@type\":\"SearchAction\",\"target\":{\"@type\":\"EntryPoint\",\"urlTemplate\":\"https:\/\/longphung.com\/?s={search_term_string}\"},\"query-input\":{\"@type\":\"PropertyValueSpecification\",\"valueRequired\":true,\"valueName\":\"search_term_string\"}}],\"inLanguage\":\"vi-VN\"}]}<\/script>\n<!-- \/ Yoast SEO plugin. -->","yoast_head_json":{"title":"Ch\u00ednh S\u00e1ch Quy\u1ec1n Ri\u00eang T\u01b0 - Long Phung","robots":{"index":"index","follow":"follow","max-snippet":"max-snippet:-1","max-image-preview":"max-image-preview:large","max-video-preview":"max-video-preview:-1"},"canonical":"https:\/\/longphung.com\/vi\/chinh-sach-quyen-rieng-tu\/","og_locale":"vi_VN","og_type":"article","og_title":"Ch\u00ednh S\u00e1ch Quy\u1ec1n Ri\u00eang T\u01b0 - Long Phung","og_description":"Ch\u00ednh S\u00e1ch Quy\u1ec1n Ri\u00eang T\u01b0 C\u1eadp nh\u1eadt l\u1ea7n cu\u1ed1i: 27 th\u00e1ng 11, 2023 Quy\u1ec1n Ri\u00eang T\u01b0 Quy\u1ec1n ri\u00eang t\u01b0 c\u1ee7a ng\u01b0\u1eddi d\u00f9ng l\u00e0 \u0111i\u1ec1u quan tr\u1ecdng \u0111\u1ed1i v\u1edbi ch\u00fang t\u00f4i. \u0110\u00f4i khi, ch\u00fang t\u00f4i c\u00f3 th\u1ec3 y\u00eau c\u1ea7u th\u00f4ng tin c\u00e1 nh\u00e2n nh\u1eb1m h\u1ed7 tr\u1ee3 cho vi\u1ec7c tham gia v\u00e0 tr\u1ea3i nghi\u1ec7m nh\u1eefng g\u00ec m\u00e0 [&hellip;]","og_url":"https:\/\/longphung.com\/vi\/chinh-sach-quyen-rieng-tu\/","og_site_name":"Long Phung","article_modified_time":"2023-12-29T16:59:18+00:00","twitter_card":"summary_large_image","twitter_misc":{"Est. reading time":"5 minutes"},"schema":{"@context":"https:\/\/schema.org","@graph":[{"@type":"WebPage","@id":"https:\/\/longphung.com\/vi\/chinh-sach-quyen-rieng-tu\/","url":"https:\/\/longphung.com\/vi\/chinh-sach-quyen-rieng-tu\/","name":"Ch\u00ednh S\u00e1ch Quy\u1ec1n Ri\u00eang T\u01b0 - Long Phung","isPartOf":{"@id":"https:\/\/longphung.com\/#website"},"datePublished":"2022-11-25T11:29:29+00:00","dateModified":"2023-12-29T16:59:18+00:00","breadcrumb":{"@id":"https:\/\/longphung.com\/vi\/chinh-sach-quyen-rieng-tu\/#breadcrumb"},"inLanguage":"vi-VN","potentialAction":[{"@type":"ReadAction","target":["https:\/\/longphung.com\/vi\/chinh-sach-quyen-rieng-tu\/"]}]},{"@type":"BreadcrumbList","@id":"https:\/\/longphung.com\/vi\/chinh-sach-quyen-rieng-tu\/#breadcrumb","itemListElement":[{"@type":"ListItem","position":1,"name":"Accueil","item":"https:\/\/longphung.com\/vi\/"},{"@type":"ListItem","position":2,"name":"Ch\u00ednh S\u00e1ch Quy\u1ec1n Ri\u00eang T\u01b0"}]},{"@type":"WebSite","@id":"https:\/\/longphung.com\/#website","url":"https:\/\/longphung.com\/","name":"Long Phung","description":"Les meilleures saucisses vietnamiennes en Am\u00e9rique du Nord\u200b","potentialAction":[{"@type":"SearchAction","target":{"@type":"EntryPoint","urlTemplate":"https:\/\/longphung.com\/?s={search_term_string}"},"query-input":{"@type":"PropertyValueSpecification","valueRequired":true,"valueName":"search_term_string"}}],"inLanguage":"vi-VN"}]}},"_links":{"self":[{"href":"https:\/\/longphung.com\/vi\/wp-json\/wp\/v2\/pages\/2016","targetHints":{"allow":["GET"]}}],"collection":[{"href":"https:\/\/longphung.com\/vi\/wp-json\/wp\/v2\/pages"}],"about":[{"href":"https:\/\/longphung.com\/vi\/wp-json\/wp\/v2\/types\/page"}],"author":[{"embeddable":true,"href":"https:\/\/longphung.com\/vi\/wp-json\/wp\/v2\/users\/1"}],"replies":[{"embeddable":true,"href":"https:\/\/longphung.com\/vi\/wp-json\/wp\/v2\/comments?post=2016"}],"version-history":[{"count":0,"href":"https:\/\/longphung.com\/vi\/wp-json\/wp\/v2\/pages\/2016\/revisions"}],"wp:attachment":[{"href":"https:\/\/longphung.com\/vi\/wp-json\/wp\/v2\/media?parent=2016"}],"curies":[{"name":"wp","href":"https:\/\/api.w.org\/{rel}","templated":true}]}}